{"id":19787,"date":"2018-01-23T08:35:26","date_gmt":"2018-01-22T23:35:26","guid":{"rendered":"https:\/\/staging.gengo.com\/?page_id=19787"},"modified":"2023-01-05T14:35:37","modified_gmt":"2023-01-05T05:35:37","slug":"business","status":"publish","type":"page","link":"https:\/\/gengo.com\/de\/business\/","title":{"rendered":"Erweitern Sie Ihr Gesch\u00e4ft"},"content":{"rendered":"<style type=\"text\/css\">\r\n@media (min-width: 768px) {\r\n#Highlighted-capabilities .row {\r\ndisplay: flex;\r\nalign-items: center;\r\n}\r\n}\r\n@media (max-width: 767px) {\r\n#Highlighted-capabilities img {\r\n    padding: 0 10%;\r\n}\r\n}\r\n#For-your-industry h2 {\r\n    margin-bottom: 36px;\r\n}\r\n#For-your-industry img {\r\n    margin-bottom: 20px;\r\n}\r\n@media(min-width: 768px){\r\n.site-header section.section-transparent.xs-align-left {\r\npadding: 135px 0;\r\n}\r\n.site-header h1.negative {\r\nfont-size: 60px;\r\n}\r\n.site-header p.negative.p-lg {\r\nfont-size: 28px;\r\nmargin-bottom: 35px;\r\n}\r\nsection .subsection {\r\n    padding: 30px 0;\r\n}\r\n}\r\n<\/style>\r\n<section class=\"section-shorter\">\r\n    <div id=\"overview\" class=\"subsection section-center\">\r\n        <div class=\"container\">\r\n            <div class=\"row\">\r\n                <div class=\"col-sm-4\">\r\n                    <img decoding=\"async\" class=\"img-responsive img-separator\" src=\"\/wp-content\/uploads\/2017\/02\/2016_business_1-1.png\">\r\n\r\n                    <h3>Sofort verf\u00fcgbar<\/h3>\r\n\r\n                    <p class=\"p1\"><span class=\"s1\">Mit \u00fcber 21.000 \u00dcbersetzern in allen Zeitzonen bieten wir von Menschen erstellte \u00dcbersetzungen mit maschinenartiger Geschwindigkeit. Wir verarbeiten \u00fcber eine Million W\u00f6rter am Tag, wobei 95 % aller Auftr\u00e4ge innerhalb von 120 Minuten gestartet werden.<\/span><\/p>\r\n                <\/div>\r\n\r\n                <div class=\"clearfix visible-xs\" style=\"margin-bottom: 24px;\"><\/div>\r\n\r\n                <div class=\"col-sm-4\">\r\n                    <img decoding=\"async\" class=\"img-responsive img-separator\" src=\"\/wp-content\/uploads\/2017\/02\/2016_business_1-2.png\">\r\n\r\n                    <h3>Hohe Qualit\u00e4t<\/h3>\r\n\r\n                    <p class=\"p1\"><span class=\"s1\">Durch systematische Pr\u00fcfungen, \u00dcbersetzungswerkzeuge und st\u00e4ndige Qualit\u00e4tssicherung sorgen wir f\u00fcr hochwertige <a href=\"\/de\/professional-translation\/\">professionelle \u00dcbersetzungen<\/a> in dem von Ihnen ben\u00f6tigten Umfang und Tempo. 2016 lag unsere Kundenzufriedenheit bei 98 %.<\/span><\/p>\r\n                <\/div>\r\n\r\n                <div class=\"clearfix visible-xs\" style=\"margin-bottom: 24px;\"><\/div>\r\n\r\n                <div class=\"col-sm-4\">\r\n                    <img decoding=\"async\" class=\"img-responsive img-separator\" src=\"\/wp-content\/uploads\/2017\/02\/2016_business_1-3.png\">\r\n\r\n                    <h3>Erschwinglich<\/h3>\r\n\r\n                    <p class=\"p1\"><span class=\"s1\">Wir bieten einfache Pro-Wort-Preise, die bei einem Sechstel der Tarife herk\u00f6mmlicher \u00dcbersetzungsagenturen liegen. Senken Sie Ihre Ausgaben, weiten Sie Ihre Aktivit\u00e4ten aus und steigern Sie bei allen Ihren gesch\u00e4ftlichen Projekten die Produktivit\u00e4t.<\/span><\/p>\r\n                    <div class=\"clearfix visible-xs\" style=\"margin-bottom: 36px;\"><\/div>\r\n                <\/div>\r\n            <\/div>\r\n        <\/div>\r\n    <\/div>\r\n\r\n    <div id=\"Highlighted-capabilities\" class=\"subsection\">\r\n        <div class=\"container\">\r\n            <div class=\"row\">\r\n                <div class=\"col-xs-12 center\">\r\n                    <h2>Herausragende F\u00e4higkeiten<\/h2>\r\n                    <div class=\"clearfix visible-xs\" style=\"margin-bottom: 36px;\"><\/div>\r\n                <\/div>\r\n            <\/div>\r\n\r\n            <div class=\"row\">\r\n                <div class=\"col-xs-12 col-sm-6\"><img decoding=\"async\" class=\"img-responsive\" src=\"\/wp-content\/uploads\/2017\/02\/2016_business_2-1.png\">\r\n                    <div class=\"clearfix visible-xs\" style=\"margin-bottom: 36px;\"><\/div><\/div>\r\n\r\n                <div class=\"col-xs-12 col-sm-6\">\r\n                    <h3>Integrierte Technologie<\/h3>Gengos einfache und leistungsf\u00e4hige Plattform verf\u00fcgt \u00fcber integrierte \u00dcbersetzungswerkzeuge &#8211; wie etwa automatische Validierung, Fachvokabular-Verwaltung und \u00dcbersetzungsspeicher &ndash;, um hohe Qualit\u00e4t, Genauigkeit und Schnelligkeit zu gew\u00e4hrleisten.\r\n                    <div class=\"clearfix visible-xs\" style=\"margin-bottom: 36px;\"><\/div>\r\n                <\/div>\r\n            <\/div>\r\n            <div class=\"clearfix\" style=\"margin-bottom: 36px;\"><\/div>\r\n            <div class=\"row\">\r\n                <div class=\"col-xs-12 col-sm-6\"><img decoding=\"async\" class=\"img-responsive\" src=\"\/wp-content\/uploads\/2017\/02\/2016_business_2-2.png\">\r\n                    <div class=\"clearfix visible-xs\" style=\"margin-bottom: 36px;\"><\/div><\/div>\r\n\r\n                <div class=\"col-xs-12 col-sm-6\">\r\n                    <h3>Spezifisch zugeordnete \u00dcbersetzungsteams<\/h3>Unser Team f\u00fcr unternehmensbezogene Dienstleistungen befasst sich damit, komplexe \u00dcbersetzungsprojekte gro\u00dfer Unternehmenskunden zu organisieren. Unabh\u00e4ngig von Art, Umfang oder Dringlichkeit des Projekts k\u00f6nnen wir individuelle Zeitpl\u00e4ne und \u00dcbersetzerteams zusammenstellen, die exakt den Anforderungen Ihres Projekts entsprechen.\r\n                    <div class=\"clearfix visible-xs\" style=\"margin-bottom: 36px;\"><\/div>\r\n                <\/div>\r\n            <\/div>\r\n            <div class=\"clearfix\" style=\"margin-bottom: 36px;\"><\/div>\r\n            <div class=\"row\">\r\n                <div class=\"col-xs-12 col-sm-6\"><img decoding=\"async\" class=\"img-responsive\" src=\"\/wp-content\/uploads\/2017\/02\/2016_business_2-3.png\">\r\n                    <div class=\"clearfix visible-xs\" style=\"margin-bottom: 36px;\"><\/div><\/div>\r\n\r\n                <div class=\"col-xs-12 col-sm-6\">\r\n                    <h3>Qualit\u00e4tssicherung<\/h3>Mittels interner Tests, stichprobenweiser \u00dcberpr\u00fcfungen und Begutachtung durch Experten gew\u00e4hrleisten wir hochwertige \u00dcbersetzungen in gro\u00dfem Umfang. Unsere Zahlen belegen dies: 2015 haben wir \u00fcber 130 Millionen W\u00f6rter \u00fcbersetzt, wobei mehr als 98,8 % der Auftr\u00e4ge von unseren Kunden abgenommen wurden.\r\n                    <div class=\"clearfix visible-xs\" style=\"margin-bottom: 36px;\"><\/div>\r\n                <\/div>\r\n            <\/div>\r\n        <\/div>\r\n    <\/div>\r\n\r\n    <div id=\"For-your-industry\" class=\"subsection\">\r\n        <div class=\"container\">\r\n            <div class=\"row\">\r\n                <div class=\"col-sm-12 center\">\r\n                    <h2>F\u00fcr Ihre Branche<\/h2>\r\n                <\/div>\r\n            <\/div>\r\n\r\n            <div class=\"row\">\r\n                <div class=\"col-sm-4\">\r\n                    <img decoding=\"async\" class=\"img-responsive img-separator\" src=\"\/wp-content\/uploads\/2017\/02\/2016_business_3-1.png\">\r\n\r\n                    <h3>E-Commerce<\/h3>\r\n\r\n                    <p class=\"p1\"><span class=\"s1\">\u00dcbersetzen Sie mit wenigen Mausklicks Tausende von Produktbeschreibungen und Kundenbewertungen.<\/span><br>\r\n                    <a href=\"..\/ecommerce\/\">MEHR DAZU<\/a><\/p>\r\n                <\/div>\r\n\r\n                <div class=\"clearfix visible-xs\" style=\"margin-bottom: 24px;\"><\/div>\r\n\r\n                <div class=\"col-sm-4\">\r\n                    <img decoding=\"async\" class=\"img-responsive img-separator\" src=\"\/wp-content\/uploads\/2017\/02\/2016_business_3-2.png\">\r\n\r\n                    <h3>Medien und Unterhaltung<\/h3>\r\n\r\n                    <p class=\"p1\"><span class=\"s1\">\u00dcbersetzen Sie im Tempo aktueller Geschehnisse, um Ihre Inhalte einem weltweiten Publikum zu Iiefern.<\/span><br>\r\n                    <a href=\"..\/media\/\">MEHR DAZU<\/a><\/p>\r\n                <\/div>\r\n\r\n                <div class=\"clearfix visible-xs\" style=\"margin-bottom: 24px;\"><\/div>\r\n\r\n                <div class=\"col-sm-4\">\r\n                    <img decoding=\"async\" class=\"img-responsive img-separator\" src=\"\/wp-content\/uploads\/2017\/02\/2016_business_3-3.png\">\r\n\r\n                    <h3>Reisen und Gastgewerbe<\/h3>\r\n\r\n                    <p class=\"p1\"><span class=\"s1\">Richten Sie sich an die unterschiedlichen Reisew\u00fcnsche vielsprachiger Kundengruppen, w\u00e4hrend Sie zugleich Ihrer Gesamtmarke treu bleiben.<\/span><br>\r\n                    <a href=\"..\/travel\/\">MEHR DAZU<\/a><\/p>\r\n                <\/div>\r\n            <\/div>\r\n        <\/div>\r\n    <\/div>\r\n<\/section>\r\n\r\n<section class=\"section-grey\">\r\n    <div class=\"container\">\r\n        <div class=\"row cust-top\">\r\n            <div class=\"col-sm-12 center\">\r\n                <h2>Kundenstimmen<\/h2>\r\n            <\/div>\r\n\r\n            <div class=\"cust-logos\" id=\"cust-logos\">\r\n\r\n                <a href=\"\/de\/customer\/amara\/\"><div class=\"cust-logo customer-ecommerce-partners cust-logo-big\" onclick=\"location.href=\/customer\/amara\/\">\r\n                    <img loading=\"lazy\" decoding=\"async\" width=\"150\" height=\"78\" src=\"\/wp-content\/uploads\/2014\/12\/Amara.png\" class=\"logo-block-img wp-post-image\" alt=\"Amara\">\r\n\r\n                    <p class=\"p-sm\">\u201eWir haben die erste API-Testbestellung aufgegeben, und sie wurde innerhalb von Sekunden ausgef\u00fchrt. Es ist gro\u00dfartig, zu erleben, wie einfach das \u00dcbersetzen der Website mit Gengo geworden ist.\u201c <strong>MEHR DAZU \u2192<\/strong><\/p>\r\n\r\n                    <p class=\"p-xs logo-big-author\"><strong>Freddie Chatt<\/strong><br>\r\n                    Head of International Expansion bei Amara<\/p>\r\n                <\/div><\/a>\r\n\r\n                <a href=\"\/customer\/bed-and-breakfast\/\"><div class=\"cust-logo customer-travel\" onclick=\"location.href=\/customer\/bed-and-breakfast\/\"><img loading=\"lazy\" decoding=\"async\" width=\"150\" height=\"78\" src=\"\/wp-content\/uploads\/2015\/04\/logo_bedandbreakfast1.png\" class=\"logo-block-img wp-post-image\" alt=\"logo_bedandbreakfast\"><\/div><\/a>\r\n\r\n                <a href=\"\/de\/customer\/eventbrite\/\"><div class=\"cust-logo customer-tech onclick=\"location.href=\/customer\/eventbrite\/\"><img loading=\"lazy\" decoding=\"async\" width=\"150\" height=\"78\" src=\"\/wp-content\/uploads\/2014\/08\/Eventbrite1.png\" class=\"logo-block-img wp-post-image\" alt=\"Eventbrite\"><\/div><\/a>\r\n\r\n                <a href=\"\/customer\/travel-homeaway\/\"><div class=\"cust-logo customer-travel cust-logo-big\" onclick=\"location.href=\/customer\/travel-homeaway\/\">\r\n                    <img loading=\"lazy\" decoding=\"async\" width=\"150\" height=\"78\" src=\"\/wp-content\/uploads\/2015\/04\/logo_homeaway.png\" class=\"logo-block-img wp-post-image\" alt=\"logo_homeaway\">\r\n\r\n                    <p class=\"p-sm\">\u201eWir nutzen Gengo zum \u00dcbersetzen von Hilfe-Artikeln und E-Mail-Vorlagen f\u00fcr unseren Ferienwohnungs-Marktplatz. Wir lieben die Schnelligkeit und die Qualit\u00e4t der \u00dcbersetzungen.\u201c <strong>MEHR DAZU \u2192<\/strong><\/p>\r\n\r\n                    <p class=\"p-xs logo-big-author\"><strong>Shannon Martin<\/strong><br>\r\n                    Director of Global CE Operations bei HomeAway<\/p>\r\n                <\/div><\/a>\r\n\r\n                <a href=\"\/de\/customer\/shapeup\/\"><div class=\"cust-logo customer-health-beauty\" onclick=\"location.href=\/customer\/shapeup\/\"><img loading=\"lazy\" decoding=\"async\" width=\"150\" height=\"78\" src=\"\/wp-content\/uploads\/2013\/05\/Shapeup.png\" class=\"logo-block-img wp-post-image\" alt=\"Shapeup\"><\/div><\/a>\r\n\r\n                <a href=\"\/de\/customer\/vestiaire\/\"><div class=\"cust-logo customer-ecommerce-partners\" onclick=\"location.href=\/customer\/vestiaire\/\"><img loading=\"lazy\" decoding=\"async\" width=\"150\" height=\"78\" src=\"\/wp-content\/uploads\/2013\/05\/Vestiaire_Collective.png\" class=\"logo-block-img wp-post-image\" alt=\"Vestiaire_Collective\"><\/div><\/a>\r\n\r\n                <p class=\"p1\">\r\n<\/p>\r\n            <\/div>\r\n        <\/div>\r\n    <\/div>\r\n    <div class=\"clearfix\" style=\"margin-bottom: 24px;\"><\/div>\r\n    <div class=\"center\">\r\n        <a class=\"a-btn\" href=\"\/de\/customers\/\"><button type=\"button\" class=\"btn btn-sm btn-primary\">Erfahren Sie, wie andere Gengo nutzen<\/button><\/a>\r\n    <\/div>\r\n\r\n<\/section>\r\n\r\n<section>\r\n    <div id=\"asset-library\" class=\"subsection mobile-center\">\r\n        <div class=\"container\">\r\n            <div class=\"row\">\r\n                <div class=\"col-sm-6\"><img decoding=\"async\" class=\"img-responsive\" src=\"\/wp-content\/uploads\/2017\/02\/2016_business_5.png\"><\/div>\r\n\r\n                <div class=\"col-sm-6\">\r\n                    <h2>Unternehmensressourcen<\/h2>\r\n\r\n                    <p class=\"p1\">Sie ben\u00f6tigen fachkundigen Rat zum Thema Lokalisierung? Hier finden Sie ihn. Entdecken Sie alles, was Sie zur Erweiterung Ihres globalen Unternehmens wissen m\u00fcssen &#8211; von Whitepapers bis hin zu branchenspezifischen Leitf\u00e4den und Informationsgrafiken.<br>\r\n                    <a href=\"\/business\/resources\/\">MEHR DAZU<\/a><\/p>\r\n                <\/div>\r\n            <\/div>\r\n        <\/div>\r\n    <\/div>\r\n<\/section>\r\n\r\n<section class=\"section-dark-gray section-center home-contact-us-section\">\r\n    <div class=\"container\">\r\n        <div class=\"row\">\r\n            <div class=\"col-sm-6\">\r\n                <h2 class=\"negative\">Kann losgehen?<\/h2>\r\n\r\n                <p class=\"negative\">Nutzen Sie unser Bestellformular f\u00fcr sofortige \u00dcbersetzungen.<\/p><a class=\"a-btn\" href=\"https:\/\/de.gengo.com\/order\/?from=bottom\"><button type=\"button\" class=\"btn btn-large btn-fixed-width btn-primary\">Online bestellen<\/button><\/a>\r\n            <\/div>\r\n\r\n            <div class=\"clearfix visible-xs\"><\/div>\r\n\r\n            <div class=\"col-sm-6\">\r\n                <h2 class=\"negative\">Haben Sie ein Gro\u00dfprojekt?<\/h2>\r\n\r\n                <p class=\"negative\">Sprechen Sie mit einem unserer Account-Manager.<\/p><a class=\"a-btn\" style=\"padding-top: 27px; display: block;\" href=\"\/de\/contact-sales-new\/?from=bottom\"><button type=\"button\" class=\"btn btn-large btn-fixed-width btn-default\">Vertrieb kontaktieren<\/button><\/a>\r\n            <\/div>\r\n        <\/div>\r\n    <\/div>\r\n<\/section>","protected":false},"excerpt":{"rendered":"Sofort verf\u00fcgbar Mit \u00fcber 21.000 \u00dcbersetzern in allen Zeitzonen bieten wir von Menschen erstellte \u00dcbersetzungen mit maschinenartiger Geschwindigkeit. Wir verarbeiten \u00fcber eine Million W\u00f6rter am Tag, wobei 95 % aller Auftr\u00e4ge innerhalb von 120 Minuten gestartet werden. Hohe Qualit\u00e4t Durch systematische Pr\u00fcfungen, \u00dcbersetzungswerkzeuge und st\u00e4ndige Qualit\u00e4tssicherung sorgen wir f\u00fcr hochwertige professionelle \u00dcbersetzungen in dem von [&hellip;]","protected":false},"author":2,"featured_media":0,"parent":0,"menu_order":0,"comment_status":"closed","ping_status":"closed","template":"page-templates\/custom-header.php","meta":{"_acf_changed":false,"footnotes":""},"class_list":["post-19787","page","type-page","status-publish","hentry"],"acf":[],"yoast_head":"<!-- This site is optimized with the Yoast SEO plugin v27.3 - https:\/\/yoast.com\/product\/yoast-seo-wordpress\/ -->\n<title>Erweitern Sie Ihr Gesch\u00e4ft - Gengo<\/title>\n<meta name=\"robots\" content=\"index, follow, max-snippet:-1, max-image-preview:large, max-video-preview:-1\" \/>\n<link rel=\"canonical\" href=\"https:\/\/gengo.com\/de\/business\/\" \/>\n<meta property=\"og:locale\" content=\"de_DE\" \/>\n<meta property=\"og:type\" content=\"article\" \/>\n<meta property=\"og:title\" content=\"Erweitern Sie Ihr Gesch\u00e4ft - Gengo\" \/>\n<meta property=\"og:description\" content=\"Sofort verf\u00fcgbar Mit \u00fcber 21.000 \u00dcbersetzern in allen Zeitzonen bieten wir von Menschen erstellte \u00dcbersetzungen mit maschinenartiger Geschwindigkeit. Wir verarbeiten \u00fcber eine Million W\u00f6rter am Tag, wobei 95 % aller Auftr\u00e4ge innerhalb von 120 Minuten gestartet werden. Hohe Qualit\u00e4t Durch systematische Pr\u00fcfungen, \u00dcbersetzungswerkzeuge und st\u00e4ndige Qualit\u00e4tssicherung sorgen wir f\u00fcr hochwertige professionelle \u00dcbersetzungen in dem von [&hellip;]\" \/>\n<meta property=\"og:url\" content=\"https:\/\/gengo.com\/de\/business\/\" \/>\n<meta property=\"og:site_name\" content=\"Gengo\" \/>\n<meta property=\"article:publisher\" content=\"https:\/\/www.facebook.com\/mygengo\" \/>\n<meta property=\"article:modified_time\" content=\"2023-01-05T05:35:37+00:00\" \/>\n<meta name=\"twitter:card\" content=\"summary_large_image\" \/>\n<meta name=\"twitter:site\" content=\"@gengoit\" \/>\n<meta name=\"twitter:label1\" content=\"Gesch\u00e4tzte Lesezeit\" \/>\n\t<meta name=\"twitter:data1\" content=\"6 Minuten\" \/>\n<script type=\"application\/ld+json\" class=\"yoast-schema-graph\">{\"@context\":\"https:\\\/\\\/schema.org\",\"@graph\":[{\"@type\":\"WebPage\",\"@id\":\"https:\\\/\\\/gengo.com\\\/de\\\/business\\\/\",\"url\":\"https:\\\/\\\/gengo.com\\\/de\\\/business\\\/\",\"name\":\"Erweitern Sie Ihr Gesch\u00e4ft - Gengo\",\"isPartOf\":{\"@id\":\"https:\\\/\\\/gengo.com\\\/de\\\/#website\"},\"datePublished\":\"2018-01-22T23:35:26+00:00\",\"dateModified\":\"2023-01-05T05:35:37+00:00\",\"breadcrumb\":{\"@id\":\"https:\\\/\\\/gengo.com\\\/de\\\/business\\\/#breadcrumb\"},\"inLanguage\":\"de-DE\",\"potentialAction\":[{\"@type\":\"ReadAction\",\"target\":[\"https:\\\/\\\/gengo.com\\\/de\\\/business\\\/\"]}]},{\"@type\":\"BreadcrumbList\",\"@id\":\"https:\\\/\\\/gengo.com\\\/de\\\/business\\\/#breadcrumb\",\"itemListElement\":[{\"@type\":\"ListItem\",\"position\":1,\"name\":\"Home\",\"item\":\"https:\\\/\\\/gengo.com\\\/de\\\/\"},{\"@type\":\"ListItem\",\"position\":2,\"name\":\"Erweitern Sie Ihr Gesch\u00e4ft\"}]},{\"@type\":\"WebSite\",\"@id\":\"https:\\\/\\\/gengo.com\\\/de\\\/#website\",\"url\":\"https:\\\/\\\/gengo.com\\\/de\\\/\",\"name\":\"Gengo\",\"description\":\"Translation Service\",\"publisher\":{\"@id\":\"https:\\\/\\\/gengo.com\\\/de\\\/#organization\"},\"potentialAction\":[{\"@type\":\"SearchAction\",\"target\":{\"@type\":\"EntryPoint\",\"urlTemplate\":\"https:\\\/\\\/gengo.com\\\/de\\\/?s={search_term_string}\"},\"query-input\":{\"@type\":\"PropertyValueSpecification\",\"valueRequired\":true,\"valueName\":\"search_term_string\"}}],\"inLanguage\":\"de-DE\"},{\"@type\":\"Organization\",\"@id\":\"https:\\\/\\\/gengo.com\\\/de\\\/#organization\",\"name\":\"Gengo\",\"url\":\"https:\\\/\\\/gengo.com\\\/de\\\/\",\"logo\":{\"@type\":\"ImageObject\",\"inLanguage\":\"de-DE\",\"@id\":\"https:\\\/\\\/gengo.com\\\/de\\\/#\\\/schema\\\/logo\\\/image\\\/\",\"url\":\"https:\\\/\\\/gengo.com\\\/wp-content\\\/uploads\\\/2019\\\/06\\\/gengo_favicon.png\",\"contentUrl\":\"https:\\\/\\\/gengo.com\\\/wp-content\\\/uploads\\\/2019\\\/06\\\/gengo_favicon.png\",\"width\":260,\"height\":260,\"caption\":\"Gengo\"},\"image\":{\"@id\":\"https:\\\/\\\/gengo.com\\\/de\\\/#\\\/schema\\\/logo\\\/image\\\/\"},\"sameAs\":[\"https:\\\/\\\/www.facebook.com\\\/mygengo\",\"https:\\\/\\\/x.com\\\/gengoit\",\"https:\\\/\\\/www.instagram.com\\\/gengoit\\\/\",\"https:\\\/\\\/www.linkedin.com\\\/company\\\/gengo\\\/\",\"https:\\\/\\\/www.youtube.com\\\/user\\\/gengo\"]}]}<\/script>\n<!-- \/ Yoast SEO plugin. -->","yoast_head_json":{"title":"Erweitern Sie Ihr Gesch\u00e4ft - Gengo","robots":{"index":"index","follow":"follow","max-snippet":"max-snippet:-1","max-image-preview":"max-image-preview:large","max-video-preview":"max-video-preview:-1"},"canonical":"https:\/\/gengo.com\/de\/business\/","og_locale":"de_DE","og_type":"article","og_title":"Erweitern Sie Ihr Gesch\u00e4ft - Gengo","og_description":"Sofort verf\u00fcgbar Mit \u00fcber 21.000 \u00dcbersetzern in allen Zeitzonen bieten wir von Menschen erstellte \u00dcbersetzungen mit maschinenartiger Geschwindigkeit. Wir verarbeiten \u00fcber eine Million W\u00f6rter am Tag, wobei 95 % aller Auftr\u00e4ge innerhalb von 120 Minuten gestartet werden. Hohe Qualit\u00e4t Durch systematische Pr\u00fcfungen, \u00dcbersetzungswerkzeuge und st\u00e4ndige Qualit\u00e4tssicherung sorgen wir f\u00fcr hochwertige professionelle \u00dcbersetzungen in dem von [&hellip;]","og_url":"https:\/\/gengo.com\/de\/business\/","og_site_name":"Gengo","article_publisher":"https:\/\/www.facebook.com\/mygengo","article_modified_time":"2023-01-05T05:35:37+00:00","twitter_card":"summary_large_image","twitter_site":"@gengoit","twitter_misc":{"Gesch\u00e4tzte Lesezeit":"6 Minuten"},"schema":{"@context":"https:\/\/schema.org","@graph":[{"@type":"WebPage","@id":"https:\/\/gengo.com\/de\/business\/","url":"https:\/\/gengo.com\/de\/business\/","name":"Erweitern Sie Ihr Gesch\u00e4ft - Gengo","isPartOf":{"@id":"https:\/\/gengo.com\/de\/#website"},"datePublished":"2018-01-22T23:35:26+00:00","dateModified":"2023-01-05T05:35:37+00:00","breadcrumb":{"@id":"https:\/\/gengo.com\/de\/business\/#breadcrumb"},"inLanguage":"de-DE","potentialAction":[{"@type":"ReadAction","target":["https:\/\/gengo.com\/de\/business\/"]}]},{"@type":"BreadcrumbList","@id":"https:\/\/gengo.com\/de\/business\/#breadcrumb","itemListElement":[{"@type":"ListItem","position":1,"name":"Home","item":"https:\/\/gengo.com\/de\/"},{"@type":"ListItem","position":2,"name":"Erweitern Sie Ihr Gesch\u00e4ft"}]},{"@type":"WebSite","@id":"https:\/\/gengo.com\/de\/#website","url":"https:\/\/gengo.com\/de\/","name":"Gengo","description":"Translation Service","publisher":{"@id":"https:\/\/gengo.com\/de\/#organization"},"potentialAction":[{"@type":"SearchAction","target":{"@type":"EntryPoint","urlTemplate":"https:\/\/gengo.com\/de\/?s={search_term_string}"},"query-input":{"@type":"PropertyValueSpecification","valueRequired":true,"valueName":"search_term_string"}}],"inLanguage":"de-DE"},{"@type":"Organization","@id":"https:\/\/gengo.com\/de\/#organization","name":"Gengo","url":"https:\/\/gengo.com\/de\/","logo":{"@type":"ImageObject","inLanguage":"de-DE","@id":"https:\/\/gengo.com\/de\/#\/schema\/logo\/image\/","url":"https:\/\/gengo.com\/wp-content\/uploads\/2019\/06\/gengo_favicon.png","contentUrl":"https:\/\/gengo.com\/wp-content\/uploads\/2019\/06\/gengo_favicon.png","width":260,"height":260,"caption":"Gengo"},"image":{"@id":"https:\/\/gengo.com\/de\/#\/schema\/logo\/image\/"},"sameAs":["https:\/\/www.facebook.com\/mygengo","https:\/\/x.com\/gengoit","https:\/\/www.instagram.com\/gengoit\/","https:\/\/www.linkedin.com\/company\/gengo\/","https:\/\/www.youtube.com\/user\/gengo"]}]}},"_links":{"self":[{"href":"https:\/\/gengo.com\/de\/wp-json\/wp\/v2\/pages\/19787","targetHints":{"allow":["GET"]}}],"collection":[{"href":"https:\/\/gengo.com\/de\/wp-json\/wp\/v2\/pages"}],"about":[{"href":"https:\/\/gengo.com\/de\/wp-json\/wp\/v2\/types\/page"}],"author":[{"embeddable":true,"href":"https:\/\/gengo.com\/de\/wp-json\/wp\/v2\/users\/2"}],"replies":[{"embeddable":true,"href":"https:\/\/gengo.com\/de\/wp-json\/wp\/v2\/comments?post=19787"}],"version-history":[{"count":0,"href":"https:\/\/gengo.com\/de\/wp-json\/wp\/v2\/pages\/19787\/revisions"}],"wp:attachment":[{"href":"https:\/\/gengo.com\/de\/wp-json\/wp\/v2\/media?parent=19787"}],"curies":[{"name":"wp","href":"https:\/\/api.w.org\/{rel}","templated":true}]}}