{"id":544,"date":"2013-06-23T12:45:42","date_gmt":"2013-06-23T03:45:42","guid":{"rendered":"https:\/\/staging.gengo.com\/enterprise-2\/"},"modified":"2019-10-30T16:40:17","modified_gmt":"2019-10-30T07:40:17","slug":"enterprise","status":"publish","type":"page","link":"https:\/\/gengo.com\/de\/enterprise\/","title":{"rendered":"enterprise"},"content":{"rendered":"<style>\r\n.ent-top-section h1 {\r\n\tmargin-right: 0;\r\n\tmargin-left: 10px;\r\n}\r\n\r\n@media (min-width: 768px) {\r\n\t.ent-top-section h1 {\r\n\t\tmargin-right: 0;\r\n\t\tmargin-left: 26px;\r\n\t}\r\n\r\n\t.ent-sec-approach img {\r\n\t\tmargin-top: 105px;\r\n\t}\r\n\r\n\t.ent-sec-solutions img {\r\n\t\tmargin-top: 90px;\r\n\t}\r\n\r\n\t.ent-sec-white img {\r\n\t\tmargin-top: 80px;\r\n\t}\r\n}\r\n\r\n@media (min-width: 992px) {\r\n\t.ent-top-section h1 {\r\n\t\tmargin-right: 0;\r\n\t\tmargin-left: 38px;\r\n\t}\r\n\r\n\t.ent-sec-approach img {\r\n\t\tmargin-top: 0;\r\n\t}\r\n\r\n\t.ent-sec-solutions img {\r\n\t\tmargin-top: 0;\r\n\t}\r\n\r\n\t.ent-sec-white img {\r\n\t\tmargin-top: 0;\r\n\t}\r\n<\/style>\r\n\r\n<section class=\"section-nav-line\">\r\n          <div class=\"container\">\r\n             <div class=\"nav-line-white\"><\/div>\r\n          <\/div>\r\n       <\/section>\r\n\r\n       <section class=\"section-transparent section-center enterprise-top-section\">\r\n          <div class=\"container\">\r\n             <div class=\"row\">\r\n                <div>\r\n                    <div><h1 class=\"negative\">Qualit\u00e4t + Volumen<\/h1><\/div>\r\n                <\/div>\r\n             <\/div>\r\n          <\/div>\r\n       <\/section>\r\n      <section class=\"section-grey ent-sec-approach\">\r\n         <div class=\"container\">\r\n            <div class=\"row\">\r\n               <div class=\"col-sm-6\">\r\n                  <h2>\u00dcbersetzungen \u2013 eine neue Vorgehensweise<\/h2>\r\n                  <img decoding=\"async\" class=\"visible-xs img-responsive\" src=\"\/wp-content\/themes\/gengo_theme\/images\/enterprise\/graphic-enterprise-scales.png\"\/>\r\n                  <p>\u00dcbersetzungsagenturen sind gut bei \u00fcberschaubaren Aufgaben, k\u00f6nnen aber nicht in gro\u00dfem Ma\u00dfstab agieren. Demgegen\u00fcber bietet Gengo mit seiner Kombination aus Technologie und Crowdsourcing gleichbleibende Qualit\u00e4t in gro\u00dfem Umfang.<\/p>\r\n                  <p>Test, Qualit\u00e4tspr\u00fcfung und ein Vier-Augen-Prinzip werden systematisch kombiniert und bieten Ihnen die Qualit\u00e4t, die Sie brauchen, in dem Umfang, den Sie brauchen, zu einem Bruchteil der Kosten, die eine Agentur verlangt.<\/p>\r\n               <\/div>\r\n               <div class=\"col-sm-6\">\r\n                  <img decoding=\"async\" class=\"hidden-xs img-responsive\" src=\"\/wp-content\/themes\/gengo_theme\/images\/enterprise\/graphic-enterprise-scales.png\"\/>\r\n               <\/div>\r\n            <\/div>\r\n         <\/div>\r\n      <\/section>\r\n        \r\n      <section class=\"ent-sec-solutions\">\r\n         <div class=\"container\">\r\n            <div class=\"row\">\r\n               <div class=\"col-sm-6\">\r\n                  <img decoding=\"async\" class=\"hidden-xs img-responsive\" src=\"\/wp-content\/themes\/gengo_theme\/images\/enterprise\/graphic-enterprise-companies.png\"\/>\r\n               <\/div>\r\n               <div class=\"col-sm-6\">\r\n                  <h2>L\u00f6sungen, die Unternehmen weltweit vorw\u00e4rtsbringen<\/h2>\r\n                  <img decoding=\"async\" class=\"visible-xs img-responsive\" src=\"\/wp-content\/themes\/gengo_theme\/images\/enterprise\/graphic-enterprise-companies.png\"\/>\r\n                  <p>M\u00f6chten Sie alle neuen Produktbeschreibungen \u00fcbersetzt haben \u2013 und zwar dynamisch? Neue Benutzerbewertungen in mehreren Sprachen ver\u00f6ffentlichen \u2013 im Handumdrehen? Oder Ihrem Personal das Senden von E-Mails in Spanisch erm\u00f6glichen \u2013 einfach so?<\/p>\r\n                  <p>Das k\u00f6nnen Sie mit Gengo. Verbinden Sie das Gengo API mit Ihrem System, und die gesamte Leistung unserer Plattform steht zu Ihrer vollen Verf\u00fcgung \u2013 wo auch immer Sie Ihre Inhalte verwalten.<\/p>\r\n                  <p><a title=\"customers\" href=\"\/de\/customers\/\">Lesen Sie die Fallstudien \u226b<\/a><\/p>\r\n               <\/div>\r\n            <\/div>\r\n         <\/div>\r\n      <\/section>\r\n\r\n      <section class=\"section-grey ent-sec-white\">\r\n         <div class=\"container\">\r\n            <div class=\"row\">\r\n               <div class=\"col-sm-6\">\r\n                  <h2>Service der Spitzenklasse<\/h2>\r\n                  <img decoding=\"async\" class=\"visible-xs img-responsive rounded-img\" src=\"\/wp-content\/themes\/gengo_theme\/images\/enterprise\/graphic-enterprise-service.png\"\/>\r\n                  <p>Wenn Sie jeden Monat Millionen von W\u00f6rtern \u00fcbersetzt haben m\u00f6chten, dann m\u00fcssen Sie wissen, dass am anderen Ende der Leitung ein richtiger Mensch zu Ihnen spricht. Unsere Kundenbetreuer stehen st\u00e4ndig bereit, Ihnen bei der vertrauensvollen Bew\u00e4ltigung Ihrer \u00dcbersetzungsanforderungen behilflich zu sein.<\/p>\r\n                  <p>Falls Sie in Japan gewesen sind, werden Sie wissen, dass wir Service ernst nehmen. Erwarten Sie nichts Geringeres von Gengo.<\/p>\r\n               <\/div>\r\n               <div class=\"col-sm-6\">\r\n                  <img decoding=\"async\" class=\"hidden-xs img-responsive rounded-img\" src=\"\/wp-content\/themes\/gengo_theme\/images\/enterprise\/graphic-enterprise-service.png\"\/>\r\n               <\/div>\r\n            <\/div>\r\n         <\/div>\r\n      <\/section>\r\n\r\n      <!-- Carousel -->\r\n      <section class=\"logos-carousel\">\r\n         <div id=\"myCarousel\" class=\"carousel slide\" data-ride=\"carousel\">\r\n            <!-- Indicators -->\r\n            <ol class=\"carousel-indicators\">\r\n               <li data-target=\"#myCarousel\" data-slide-to=\"0\" class=\"active\">\r\n                  <img decoding=\"async\" class=\"hidden-xs\" alt=\"Jane Dickinson\" src=\"\/wp-content\/themes\/gengo_theme\/images\/enterprise\/logo_vestiaire.png\">\r\n                  <span class=\"visible-xs dot\"><\/span>\r\n               <\/li>\r\n               <li data-target=\"#myCarousel\" data-slide-to=\"1\">\r\n                  <img decoding=\"async\" class=\"hidden-xs\" alt=\"Jane Dickinson\" src=\"\/wp-content\/themes\/gengo_theme\/images\/enterprise\/logo_3play.png\">\r\n                  <span class=\"visible-xs dot\"><\/span>\r\n               <\/li>\r\n               <li data-target=\"#myCarousel\" data-slide-to=\"2\">\r\n                  <img decoding=\"async\" class=\"hidden-xs\" alt=\"Jane Dickinson\" src=\"\/wp-content\/themes\/gengo_theme\/images\/enterprise\/logo_shapeup.png\">\r\n                  <span class=\"visible-xs dot\"><\/span>\r\n               <\/li>\r\n            <\/ol>\r\n            <!-- Wrapper for slides -->\r\n            <div class=\"carousel-inner\">\r\n               <div class=\"item active\">\r\n                  <div class=\"container\">\r\n                     <div class=\"row row-centered\">\r\n                        <div class=\"col-xs-10 col-centered\">\r\n                           <div class=\"c-content\">\r\n                              <p><img decoding=\"async\" class=\"visible-xs img-responsive\" alt=\"Jane Dickinson\" src=\"\/wp-content\/themes\/gengo_theme\/images\/enterprise\/logo_vestiaire.png\"><\/p>\r\n                              <p>Vestiaire, eine E-Commerce-Modewebsite, ben\u00f6tigte f\u00fcr den Verkehr zwischen Frankreich und dem Vereinigten K\u00f6nigreich schnelle und sorgf\u00e4ltige \u00dcbersetzungen. Angeschlossen an Gengos API, wurde die w\u00f6chentliche \u00dcbersetzung Tausender neuer Produktbeschreibungen auf einfachen Tastendruck m\u00f6glich.<\/p>\r\n                              <a href=\"\/de\/customer\/vestiaire\/\">Lesen Sie ihre Fallstudie \u226b<\/a>\r\n                           <\/div>\r\n                        <\/div>\r\n                     <\/div>\r\n                  <\/div>\r\n               <\/div>\r\n               <div class=\"item\">\r\n                  <div class=\"container\">\r\n                     <div class=\"row row-centered\">\r\n                        <div class=\"col-xs-10 col-centered\">\r\n                           <div class=\"c-content\">\r\n                              <p><img decoding=\"async\" class=\"visible-xs img-responsive\" alt=\"Jane Dickinson\" src=\"\/wp-content\/themes\/gengo_theme\/images\/enterprise\/logo_3play.png\"><\/p>\r\n                              <p>3PlayMedia hat sich als Ansprechpartner f\u00fcr Ihren gesamten Bedarf an Videomanagement etabliert. Sie bieten die Werkzeuge, mit denen der Bekanntheitsgrad Ihrer Videos effektiv vergr\u00f6\u00dfert wird, w\u00e4hrend Gengo, um dies zu erreichen, seine \u00dcbersetzung durch Menschen bereitstellt.<\/p>\r\n                              <a href=\"\/de\/partners\/3playmedia\/\">Lesen Sie ihre Fallstudie \u226b<\/a>\r\n                           <\/div>\r\n                        <\/div>\r\n                     <\/div>\r\n                  <\/div>\r\n               <\/div>\r\n               <div class=\"item\">\r\n                  <div class=\"container\">\r\n                     <div class=\"row row-centered\">\r\n                        <div class=\"col-xs-10 col-centered\">\r\n                           <div class=\"c-content\">\r\n                              <p><img decoding=\"async\" class=\"visible-xs img-responsive\" alt=\"Jane Dickinson\" src=\"\/wp-content\/themes\/gengo_theme\/images\/enterprise\/logo_shapeup.png\"><\/p>\r\n                              <p>ShapeUp hat ihre Website und Plattform f\u00fcr multinationale Klienten und solche, die nicht Englisch sprechen, an 18 verschiedene Sprachen angepasst. Dank Gengos effizientem System, vertretbarer Kosten und Skalierbarkeit schaffte ShapeUp die Einf\u00fchrung innerhalb k\u00fcrzester Zeit.<\/p>\r\n                              <a href=\"\/de\/customer\/shapeup\/\">Lesen Sie ihre Fallstudie \u226b<\/a>\r\n                           <\/div>\r\n                        <\/div>\r\n                     <\/div>\r\n                  <\/div>\r\n               <\/div>\r\n            <\/div>\r\n            <a class=\"left carousel-control\" href=\"#myCarousel\" role=\"button\" data-slide=\"prev\" onmouseout=\"onmouseoutLeft();\" onmouseover=\"onmouseoverLeft();\">\r\n            <span id=\"a-prev\" class=\"i-previous\"><\/span>\r\n            <\/a>\r\n            <a class=\"right carousel-control\" href=\"#myCarousel\" role=\"button\" data-slide=\"next\" onmouseout=\"onmouseoutRight();\" onmouseover=\"onmouseoverRight();\">\r\n            <span id=\"a-next\" class=\"i-next\"><\/span>\r\n            <\/a>\r\n         <\/div>\r\n      <\/section>\r\n      <!--    Carousel end -->","protected":false},"excerpt":{"rendered":"Qualit\u00e4t + Volumen \u00dcbersetzungen \u2013 eine neue Vorgehensweise \u00dcbersetzungsagenturen sind gut bei \u00fcberschaubaren Aufgaben, k\u00f6nnen aber nicht in gro\u00dfem Ma\u00dfstab agieren. Demgegen\u00fcber bietet Gengo mit seiner Kombination aus Technologie und Crowdsourcing gleichbleibende Qualit\u00e4t in gro\u00dfem Umfang. Test, Qualit\u00e4tspr\u00fcfung und ein Vier-Augen-Prinzip werden systematisch kombiniert und bieten Ihnen die Qualit\u00e4t, die Sie brauchen, in dem Umfang, [&hellip;]","protected":false},"author":2,"featured_media":0,"parent":0,"menu_order":0,"comment_status":"closed","ping_status":"closed","template":"","meta":{"_acf_changed":false,"footnotes":""},"class_list":["post-544","page","type-page","status-publish","hentry"],"acf":[],"yoast_head":"<!-- This site is optimized with the Yoast SEO plugin v27.4 - https:\/\/yoast.com\/product\/yoast-seo-wordpress\/ -->\n<title>E-Commerce und Unternehmens\u00fcbersetzungen - Business-L\u00f6sungen bei Gengo<\/title>\n<meta name=\"description\" content=\"70% der Internetnutzer sprechen kein Englisch. Machen Sie Ihr Business der ganzen Welt zug\u00e4nglich, indem Sie Ihre Plattform mit unseren \u00dcbersetzungsdiensten integrieren. Globalisieren Sie sich noch heute.\" \/>\n<meta name=\"robots\" content=\"index, follow, max-snippet:-1, max-image-preview:large, max-video-preview:-1\" \/>\n<link rel=\"canonical\" href=\"https:\/\/gengo.com\/de\/enterprise\/\" \/>\n<meta property=\"og:locale\" content=\"de_DE\" \/>\n<meta property=\"og:type\" content=\"article\" \/>\n<meta property=\"og:title\" content=\"E-Commerce und Unternehmens\u00fcbersetzungen - Business-L\u00f6sungen bei Gengo\" \/>\n<meta property=\"og:description\" content=\"70% der Internetnutzer sprechen kein Englisch. Machen Sie Ihr Business der ganzen Welt zug\u00e4nglich, indem Sie Ihre Plattform mit unseren \u00dcbersetzungsdiensten integrieren. Globalisieren Sie sich noch heute.\" \/>\n<meta property=\"og:url\" content=\"https:\/\/gengo.com\/de\/enterprise\/\" \/>\n<meta property=\"og:site_name\" content=\"Gengo\" \/>\n<meta property=\"article:publisher\" content=\"https:\/\/www.facebook.com\/mygengo\" \/>\n<meta property=\"article:modified_time\" content=\"2019-10-30T07:40:17+00:00\" \/>\n<meta name=\"twitter:card\" content=\"summary_large_image\" \/>\n<meta name=\"twitter:site\" content=\"@gengoit\" \/>\n<meta name=\"twitter:label1\" content=\"Gesch\u00e4tzte Lesezeit\" \/>\n\t<meta name=\"twitter:data1\" content=\"2 Minuten\" \/>\n<script type=\"application\/ld+json\" class=\"yoast-schema-graph\">{\"@context\":\"https:\\\/\\\/schema.org\",\"@graph\":[{\"@type\":\"WebPage\",\"@id\":\"https:\\\/\\\/gengo.com\\\/de\\\/enterprise\\\/\",\"url\":\"https:\\\/\\\/gengo.com\\\/de\\\/enterprise\\\/\",\"name\":\"E-Commerce und Unternehmens\u00fcbersetzungen - Business-L\u00f6sungen bei Gengo\",\"isPartOf\":{\"@id\":\"https:\\\/\\\/gengo.com\\\/de\\\/#website\"},\"datePublished\":\"2013-06-23T03:45:42+00:00\",\"dateModified\":\"2019-10-30T07:40:17+00:00\",\"description\":\"70% der Internetnutzer sprechen kein Englisch. Machen Sie Ihr Business der ganzen Welt zug\u00e4nglich, indem Sie Ihre Plattform mit unseren \u00dcbersetzungsdiensten integrieren. Globalisieren Sie sich noch heute.\",\"breadcrumb\":{\"@id\":\"https:\\\/\\\/gengo.com\\\/de\\\/enterprise\\\/#breadcrumb\"},\"inLanguage\":\"de-DE\",\"potentialAction\":[{\"@type\":\"ReadAction\",\"target\":[\"https:\\\/\\\/gengo.com\\\/de\\\/enterprise\\\/\"]}]},{\"@type\":\"BreadcrumbList\",\"@id\":\"https:\\\/\\\/gengo.com\\\/de\\\/enterprise\\\/#breadcrumb\",\"itemListElement\":[{\"@type\":\"ListItem\",\"position\":1,\"name\":\"Home\",\"item\":\"https:\\\/\\\/gengo.com\\\/de\\\/\"},{\"@type\":\"ListItem\",\"position\":2,\"name\":\"enterprise\"}]},{\"@type\":\"WebSite\",\"@id\":\"https:\\\/\\\/gengo.com\\\/de\\\/#website\",\"url\":\"https:\\\/\\\/gengo.com\\\/de\\\/\",\"name\":\"Gengo\",\"description\":\"Translation Service\",\"publisher\":{\"@id\":\"https:\\\/\\\/gengo.com\\\/de\\\/#organization\"},\"potentialAction\":[{\"@type\":\"SearchAction\",\"target\":{\"@type\":\"EntryPoint\",\"urlTemplate\":\"https:\\\/\\\/gengo.com\\\/de\\\/?s={search_term_string}\"},\"query-input\":{\"@type\":\"PropertyValueSpecification\",\"valueRequired\":true,\"valueName\":\"search_term_string\"}}],\"inLanguage\":\"de-DE\"},{\"@type\":\"Organization\",\"@id\":\"https:\\\/\\\/gengo.com\\\/de\\\/#organization\",\"name\":\"Gengo\",\"url\":\"https:\\\/\\\/gengo.com\\\/de\\\/\",\"logo\":{\"@type\":\"ImageObject\",\"inLanguage\":\"de-DE\",\"@id\":\"https:\\\/\\\/gengo.com\\\/de\\\/#\\\/schema\\\/logo\\\/image\\\/\",\"url\":\"https:\\\/\\\/gengo.com\\\/wp-content\\\/uploads\\\/2019\\\/06\\\/gengo_favicon.png\",\"contentUrl\":\"https:\\\/\\\/gengo.com\\\/wp-content\\\/uploads\\\/2019\\\/06\\\/gengo_favicon.png\",\"width\":260,\"height\":260,\"caption\":\"Gengo\"},\"image\":{\"@id\":\"https:\\\/\\\/gengo.com\\\/de\\\/#\\\/schema\\\/logo\\\/image\\\/\"},\"sameAs\":[\"https:\\\/\\\/www.facebook.com\\\/mygengo\",\"https:\\\/\\\/x.com\\\/gengoit\",\"https:\\\/\\\/www.instagram.com\\\/gengoit\\\/\",\"https:\\\/\\\/www.linkedin.com\\\/company\\\/gengo\\\/\",\"https:\\\/\\\/www.youtube.com\\\/user\\\/gengo\"]}]}<\/script>\n<!-- \/ Yoast SEO plugin. -->","yoast_head_json":{"title":"E-Commerce und Unternehmens\u00fcbersetzungen - Business-L\u00f6sungen bei Gengo","description":"70% der Internetnutzer sprechen kein Englisch. Machen Sie Ihr Business der ganzen Welt zug\u00e4nglich, indem Sie Ihre Plattform mit unseren \u00dcbersetzungsdiensten integrieren. Globalisieren Sie sich noch heute.","robots":{"index":"index","follow":"follow","max-snippet":"max-snippet:-1","max-image-preview":"max-image-preview:large","max-video-preview":"max-video-preview:-1"},"canonical":"https:\/\/gengo.com\/de\/enterprise\/","og_locale":"de_DE","og_type":"article","og_title":"E-Commerce und Unternehmens\u00fcbersetzungen - Business-L\u00f6sungen bei Gengo","og_description":"70% der Internetnutzer sprechen kein Englisch. Machen Sie Ihr Business der ganzen Welt zug\u00e4nglich, indem Sie Ihre Plattform mit unseren \u00dcbersetzungsdiensten integrieren. Globalisieren Sie sich noch heute.","og_url":"https:\/\/gengo.com\/de\/enterprise\/","og_site_name":"Gengo","article_publisher":"https:\/\/www.facebook.com\/mygengo","article_modified_time":"2019-10-30T07:40:17+00:00","twitter_card":"summary_large_image","twitter_site":"@gengoit","twitter_misc":{"Gesch\u00e4tzte Lesezeit":"2 Minuten"},"schema":{"@context":"https:\/\/schema.org","@graph":[{"@type":"WebPage","@id":"https:\/\/gengo.com\/de\/enterprise\/","url":"https:\/\/gengo.com\/de\/enterprise\/","name":"E-Commerce und Unternehmens\u00fcbersetzungen - Business-L\u00f6sungen bei Gengo","isPartOf":{"@id":"https:\/\/gengo.com\/de\/#website"},"datePublished":"2013-06-23T03:45:42+00:00","dateModified":"2019-10-30T07:40:17+00:00","description":"70% der Internetnutzer sprechen kein Englisch. Machen Sie Ihr Business der ganzen Welt zug\u00e4nglich, indem Sie Ihre Plattform mit unseren \u00dcbersetzungsdiensten integrieren. Globalisieren Sie sich noch heute.","breadcrumb":{"@id":"https:\/\/gengo.com\/de\/enterprise\/#breadcrumb"},"inLanguage":"de-DE","potentialAction":[{"@type":"ReadAction","target":["https:\/\/gengo.com\/de\/enterprise\/"]}]},{"@type":"BreadcrumbList","@id":"https:\/\/gengo.com\/de\/enterprise\/#breadcrumb","itemListElement":[{"@type":"ListItem","position":1,"name":"Home","item":"https:\/\/gengo.com\/de\/"},{"@type":"ListItem","position":2,"name":"enterprise"}]},{"@type":"WebSite","@id":"https:\/\/gengo.com\/de\/#website","url":"https:\/\/gengo.com\/de\/","name":"Gengo","description":"Translation Service","publisher":{"@id":"https:\/\/gengo.com\/de\/#organization"},"potentialAction":[{"@type":"SearchAction","target":{"@type":"EntryPoint","urlTemplate":"https:\/\/gengo.com\/de\/?s={search_term_string}"},"query-input":{"@type":"PropertyValueSpecification","valueRequired":true,"valueName":"search_term_string"}}],"inLanguage":"de-DE"},{"@type":"Organization","@id":"https:\/\/gengo.com\/de\/#organization","name":"Gengo","url":"https:\/\/gengo.com\/de\/","logo":{"@type":"ImageObject","inLanguage":"de-DE","@id":"https:\/\/gengo.com\/de\/#\/schema\/logo\/image\/","url":"https:\/\/gengo.com\/wp-content\/uploads\/2019\/06\/gengo_favicon.png","contentUrl":"https:\/\/gengo.com\/wp-content\/uploads\/2019\/06\/gengo_favicon.png","width":260,"height":260,"caption":"Gengo"},"image":{"@id":"https:\/\/gengo.com\/de\/#\/schema\/logo\/image\/"},"sameAs":["https:\/\/www.facebook.com\/mygengo","https:\/\/x.com\/gengoit","https:\/\/www.instagram.com\/gengoit\/","https:\/\/www.linkedin.com\/company\/gengo\/","https:\/\/www.youtube.com\/user\/gengo"]}]}},"_links":{"self":[{"href":"https:\/\/gengo.com\/de\/wp-json\/wp\/v2\/pages\/544","targetHints":{"allow":["GET"]}}],"collection":[{"href":"https:\/\/gengo.com\/de\/wp-json\/wp\/v2\/pages"}],"about":[{"href":"https:\/\/gengo.com\/de\/wp-json\/wp\/v2\/types\/page"}],"author":[{"embeddable":true,"href":"https:\/\/gengo.com\/de\/wp-json\/wp\/v2\/users\/2"}],"replies":[{"embeddable":true,"href":"https:\/\/gengo.com\/de\/wp-json\/wp\/v2\/comments?post=544"}],"version-history":[{"count":0,"href":"https:\/\/gengo.com\/de\/wp-json\/wp\/v2\/pages\/544\/revisions"}],"wp:attachment":[{"href":"https:\/\/gengo.com\/de\/wp-json\/wp\/v2\/media?parent=544"}],"curies":[{"name":"wp","href":"https:\/\/api.w.org\/{rel}","templated":true}]}}