{"id":6789,"date":"2014-04-29T09:06:59","date_gmt":"2014-04-29T00:06:59","guid":{"rendered":"https:\/\/staging.gengo.com\/thank-you-2\/"},"modified":"2023-02-27T17:01:21","modified_gmt":"2023-02-27T08:01:21","slug":"thank-you","status":"publish","type":"page","link":"https:\/\/gengo.com\/de\/thank-you\/","title":{"rendered":"Vielen Dank!"},"content":{"rendered":"<section class=\"section-grey thankyou-page\">\r\n<div class=\"container\">\r\n<div class=\"row\">\r\n<div class=\"col-sm-6\">\r\n<h1>Vielen Dank!<\/h1>\r\n<h4>Ihre Nachricht ist uns wichtig, und wir werden Ihnen bald antworten.<\/h4>\r\n<p class=\"p-lg\">In der Zwischenzeit erfahren Sie in <a href=\"\/business\/resources\/\">unserer Ressourcen<\/a> alles Wissenswerte dar\u00fcber, wie Sie f\u00fcr das Wachstum Ihres globalen Unternehmens sorgen k\u00f6nnen.<\/p>\r\n\r\n<\/div>\r\n<\/div>\r\n<\/div>\r\n<\/section>","protected":false},"excerpt":{"rendered":"Vielen Dank! Ihre Nachricht ist uns wichtig, und wir werden Ihnen bald antworten. In der Zwischenzeit erfahren Sie in unserer Ressourcen alles Wissenswerte dar\u00fcber, wie Sie f\u00fcr das Wachstum Ihres globalen Unternehmens sorgen k\u00f6nnen.","protected":false},"author":2,"featured_media":0,"parent":0,"menu_order":0,"comment_status":"closed","ping_status":"closed","template":"page-templates\/gengo-acf-layout.php","meta":{"_acf_changed":false,"footnotes":""},"class_list":["post-6789","page","type-page","status-publish","hentry"],"acf":[],"yoast_head":"<!-- This site is optimized with the Yoast SEO plugin v27.3 - https:\/\/yoast.com\/product\/yoast-seo-wordpress\/ -->\n<title>Vielen Dank! - Gengo<\/title>\n<meta name=\"description\" content=\"Ihre Nachricht ist uns wichtig, und wir werden Ihnen bald antworten. In der Zwischenzeit erfahren Sie in unserer Ressourcenbibliothek .....\" \/>\n<meta name=\"robots\" content=\"index, follow, max-snippet:-1, max-image-preview:large, max-video-preview:-1\" \/>\n<link rel=\"canonical\" href=\"https:\/\/gengo.com\/de\/thank-you\/\" \/>\n<meta property=\"og:locale\" content=\"de_DE\" \/>\n<meta property=\"og:type\" content=\"article\" \/>\n<meta property=\"og:title\" content=\"Vielen Dank! - Gengo\" \/>\n<meta property=\"og:description\" content=\"Ihre Nachricht ist uns wichtig, und wir werden Ihnen bald antworten. In der Zwischenzeit erfahren Sie in unserer Ressourcenbibliothek .....\" \/>\n<meta property=\"og:url\" content=\"https:\/\/gengo.com\/de\/thank-you\/\" \/>\n<meta property=\"og:site_name\" content=\"Gengo\" \/>\n<meta property=\"article:publisher\" content=\"https:\/\/www.facebook.com\/mygengo\" \/>\n<meta property=\"article:modified_time\" content=\"2023-02-27T08:01:21+00:00\" \/>\n<meta name=\"twitter:card\" content=\"summary_large_image\" \/>\n<meta name=\"twitter:site\" content=\"@gengoit\" \/>\n<meta name=\"twitter:label1\" content=\"Gesch\u00e4tzte Lesezeit\" \/>\n\t<meta name=\"twitter:data1\" content=\"1 Minute\" \/>\n<script type=\"application\/ld+json\" class=\"yoast-schema-graph\">{\"@context\":\"https:\\\/\\\/schema.org\",\"@graph\":[{\"@type\":\"WebPage\",\"@id\":\"https:\\\/\\\/gengo.com\\\/de\\\/thank-you\\\/\",\"url\":\"https:\\\/\\\/gengo.com\\\/de\\\/thank-you\\\/\",\"name\":\"Vielen Dank! - Gengo\",\"isPartOf\":{\"@id\":\"https:\\\/\\\/gengo.com\\\/de\\\/#website\"},\"datePublished\":\"2014-04-29T00:06:59+00:00\",\"dateModified\":\"2023-02-27T08:01:21+00:00\",\"description\":\"Ihre Nachricht ist uns wichtig, und wir werden Ihnen bald antworten. In der Zwischenzeit erfahren Sie in unserer Ressourcenbibliothek .....\",\"breadcrumb\":{\"@id\":\"https:\\\/\\\/gengo.com\\\/de\\\/thank-you\\\/#breadcrumb\"},\"inLanguage\":\"de-DE\",\"potentialAction\":[{\"@type\":\"ReadAction\",\"target\":[\"https:\\\/\\\/gengo.com\\\/de\\\/thank-you\\\/\"]}]},{\"@type\":\"BreadcrumbList\",\"@id\":\"https:\\\/\\\/gengo.com\\\/de\\\/thank-you\\\/#breadcrumb\",\"itemListElement\":[{\"@type\":\"ListItem\",\"position\":1,\"name\":\"Home\",\"item\":\"https:\\\/\\\/gengo.com\\\/de\\\/\"},{\"@type\":\"ListItem\",\"position\":2,\"name\":\"Vielen Dank!\"}]},{\"@type\":\"WebSite\",\"@id\":\"https:\\\/\\\/gengo.com\\\/de\\\/#website\",\"url\":\"https:\\\/\\\/gengo.com\\\/de\\\/\",\"name\":\"Gengo\",\"description\":\"Translation Service\",\"publisher\":{\"@id\":\"https:\\\/\\\/gengo.com\\\/de\\\/#organization\"},\"potentialAction\":[{\"@type\":\"SearchAction\",\"target\":{\"@type\":\"EntryPoint\",\"urlTemplate\":\"https:\\\/\\\/gengo.com\\\/de\\\/?s={search_term_string}\"},\"query-input\":{\"@type\":\"PropertyValueSpecification\",\"valueRequired\":true,\"valueName\":\"search_term_string\"}}],\"inLanguage\":\"de-DE\"},{\"@type\":\"Organization\",\"@id\":\"https:\\\/\\\/gengo.com\\\/de\\\/#organization\",\"name\":\"Gengo\",\"url\":\"https:\\\/\\\/gengo.com\\\/de\\\/\",\"logo\":{\"@type\":\"ImageObject\",\"inLanguage\":\"de-DE\",\"@id\":\"https:\\\/\\\/gengo.com\\\/de\\\/#\\\/schema\\\/logo\\\/image\\\/\",\"url\":\"https:\\\/\\\/gengo.com\\\/wp-content\\\/uploads\\\/2019\\\/06\\\/gengo_favicon.png\",\"contentUrl\":\"https:\\\/\\\/gengo.com\\\/wp-content\\\/uploads\\\/2019\\\/06\\\/gengo_favicon.png\",\"width\":260,\"height\":260,\"caption\":\"Gengo\"},\"image\":{\"@id\":\"https:\\\/\\\/gengo.com\\\/de\\\/#\\\/schema\\\/logo\\\/image\\\/\"},\"sameAs\":[\"https:\\\/\\\/www.facebook.com\\\/mygengo\",\"https:\\\/\\\/x.com\\\/gengoit\",\"https:\\\/\\\/www.instagram.com\\\/gengoit\\\/\",\"https:\\\/\\\/www.linkedin.com\\\/company\\\/gengo\\\/\",\"https:\\\/\\\/www.youtube.com\\\/user\\\/gengo\"]}]}<\/script>\n<!-- \/ Yoast SEO plugin. -->","yoast_head_json":{"title":"Vielen Dank! - Gengo","description":"Ihre Nachricht ist uns wichtig, und wir werden Ihnen bald antworten. In der Zwischenzeit erfahren Sie in unserer Ressourcenbibliothek .....","robots":{"index":"index","follow":"follow","max-snippet":"max-snippet:-1","max-image-preview":"max-image-preview:large","max-video-preview":"max-video-preview:-1"},"canonical":"https:\/\/gengo.com\/de\/thank-you\/","og_locale":"de_DE","og_type":"article","og_title":"Vielen Dank! - Gengo","og_description":"Ihre Nachricht ist uns wichtig, und wir werden Ihnen bald antworten. In der Zwischenzeit erfahren Sie in unserer Ressourcenbibliothek .....","og_url":"https:\/\/gengo.com\/de\/thank-you\/","og_site_name":"Gengo","article_publisher":"https:\/\/www.facebook.com\/mygengo","article_modified_time":"2023-02-27T08:01:21+00:00","twitter_card":"summary_large_image","twitter_site":"@gengoit","twitter_misc":{"Gesch\u00e4tzte Lesezeit":"1 Minute"},"schema":{"@context":"https:\/\/schema.org","@graph":[{"@type":"WebPage","@id":"https:\/\/gengo.com\/de\/thank-you\/","url":"https:\/\/gengo.com\/de\/thank-you\/","name":"Vielen Dank! - Gengo","isPartOf":{"@id":"https:\/\/gengo.com\/de\/#website"},"datePublished":"2014-04-29T00:06:59+00:00","dateModified":"2023-02-27T08:01:21+00:00","description":"Ihre Nachricht ist uns wichtig, und wir werden Ihnen bald antworten. In der Zwischenzeit erfahren Sie in unserer Ressourcenbibliothek .....","breadcrumb":{"@id":"https:\/\/gengo.com\/de\/thank-you\/#breadcrumb"},"inLanguage":"de-DE","potentialAction":[{"@type":"ReadAction","target":["https:\/\/gengo.com\/de\/thank-you\/"]}]},{"@type":"BreadcrumbList","@id":"https:\/\/gengo.com\/de\/thank-you\/#breadcrumb","itemListElement":[{"@type":"ListItem","position":1,"name":"Home","item":"https:\/\/gengo.com\/de\/"},{"@type":"ListItem","position":2,"name":"Vielen Dank!"}]},{"@type":"WebSite","@id":"https:\/\/gengo.com\/de\/#website","url":"https:\/\/gengo.com\/de\/","name":"Gengo","description":"Translation Service","publisher":{"@id":"https:\/\/gengo.com\/de\/#organization"},"potentialAction":[{"@type":"SearchAction","target":{"@type":"EntryPoint","urlTemplate":"https:\/\/gengo.com\/de\/?s={search_term_string}"},"query-input":{"@type":"PropertyValueSpecification","valueRequired":true,"valueName":"search_term_string"}}],"inLanguage":"de-DE"},{"@type":"Organization","@id":"https:\/\/gengo.com\/de\/#organization","name":"Gengo","url":"https:\/\/gengo.com\/de\/","logo":{"@type":"ImageObject","inLanguage":"de-DE","@id":"https:\/\/gengo.com\/de\/#\/schema\/logo\/image\/","url":"https:\/\/gengo.com\/wp-content\/uploads\/2019\/06\/gengo_favicon.png","contentUrl":"https:\/\/gengo.com\/wp-content\/uploads\/2019\/06\/gengo_favicon.png","width":260,"height":260,"caption":"Gengo"},"image":{"@id":"https:\/\/gengo.com\/de\/#\/schema\/logo\/image\/"},"sameAs":["https:\/\/www.facebook.com\/mygengo","https:\/\/x.com\/gengoit","https:\/\/www.instagram.com\/gengoit\/","https:\/\/www.linkedin.com\/company\/gengo\/","https:\/\/www.youtube.com\/user\/gengo"]}]}},"_links":{"self":[{"href":"https:\/\/gengo.com\/de\/wp-json\/wp\/v2\/pages\/6789","targetHints":{"allow":["GET"]}}],"collection":[{"href":"https:\/\/gengo.com\/de\/wp-json\/wp\/v2\/pages"}],"about":[{"href":"https:\/\/gengo.com\/de\/wp-json\/wp\/v2\/types\/page"}],"author":[{"embeddable":true,"href":"https:\/\/gengo.com\/de\/wp-json\/wp\/v2\/users\/2"}],"replies":[{"embeddable":true,"href":"https:\/\/gengo.com\/de\/wp-json\/wp\/v2\/comments?post=6789"}],"version-history":[{"count":0,"href":"https:\/\/gengo.com\/de\/wp-json\/wp\/v2\/pages\/6789\/revisions"}],"wp:attachment":[{"href":"https:\/\/gengo.com\/de\/wp-json\/wp\/v2\/media?parent=6789"}],"curies":[{"name":"wp","href":"https:\/\/api.w.org\/{rel}","templated":true}]}}