{"id":7106,"date":"2015-04-02T15:59:55","date_gmt":"2015-04-02T22:59:55","guid":{"rendered":"https:\/\/staging.gengo.com\/404-error-2\/"},"modified":"2024-08-22T18:39:32","modified_gmt":"2024-08-22T09:39:32","slug":"404-error","status":"publish","type":"page","link":"https:\/\/gengo.com\/es\/404-error\/","title":{"rendered":"Error 404"},"content":{"rendered":"<style>\r\n@media (min-width: 768px){\r\n.error404-page, .thankyou-page {\r\n    padding-bottom: 8%;\r\n}\r\n.error404-page{\r\n    height: 75vh;\r\n    background-position: bottom;\r\n}\r\n}\r\n<\/style>\r\n\r\n<section class=\"section-grey error404-page\">\r\n<div class=\"container\">\r\n   <div class=\"row\">\r\n      <div class=\"col-sm-6\">\r\n<h1>P\u00e1gina no encontrada<\/h1>\r\n<p class=\"p-lg\">No podemos encontrar la p\u00e1gina a la cual trat\u00f3 de acceder. Por favor verifica si escribiste o pegaste la direcci\u00f3n correctamente. Si piensas que hay un error de nuestra parte, por favor <a href=\"\/es\/contact-us\/\">cont\u00e1ctanos.<\/a> <\/p> \r\n      <\/div>\r\n   <\/div>\r\n<\/div>\r\n<\/section>","protected":false},"excerpt":{"rendered":"P\u00e1gina no encontrada No podemos encontrar la p\u00e1gina a la cual trat\u00f3 de acceder. Por favor verifica si escribiste o pegaste la direcci\u00f3n correctamente. Si piensas que hay un error de nuestra parte, por favor cont\u00e1ctanos.","protected":false},"author":2,"featured_media":0,"parent":0,"menu_order":0,"comment_status":"closed","ping_status":"closed","template":"","meta":{"_acf_changed":false,"footnotes":""},"class_list":["post-7106","page","type-page","status-publish","hentry"],"acf":[],"yoast_head":"<!-- This site is optimized with the Yoast SEO plugin v27.4 - https:\/\/yoast.com\/product\/yoast-seo-wordpress\/ -->\n<title>Error 404 - Gengo<\/title>\n<meta name=\"robots\" content=\"index, follow, max-snippet:-1, max-image-preview:large, max-video-preview:-1\" \/>\n<link rel=\"canonical\" href=\"https:\/\/gengo.com\/es\/404-error\/\" \/>\n<meta property=\"og:locale\" content=\"es_ES\" \/>\n<meta property=\"og:type\" content=\"article\" \/>\n<meta property=\"og:title\" content=\"Error 404 - Gengo\" \/>\n<meta property=\"og:description\" content=\"P\u00e1gina no encontrada No podemos encontrar la p\u00e1gina a la cual trat\u00f3 de acceder. Por favor verifica si escribiste o pegaste la direcci\u00f3n correctamente. Si piensas que hay un error de nuestra parte, por favor cont\u00e1ctanos.\" \/>\n<meta property=\"og:url\" content=\"https:\/\/gengo.com\/es\/404-error\/\" \/>\n<meta property=\"og:site_name\" content=\"Gengo\" \/>\n<meta property=\"article:publisher\" content=\"https:\/\/www.facebook.com\/mygengo\" \/>\n<meta property=\"article:modified_time\" content=\"2024-08-22T09:39:32+00:00\" \/>\n<meta name=\"twitter:card\" content=\"summary_large_image\" \/>\n<meta name=\"twitter:site\" content=\"@gengoit\" \/>\n<meta name=\"twitter:label1\" content=\"Tiempo de lectura\" \/>\n\t<meta name=\"twitter:data1\" content=\"1 minuto\" \/>\n<script type=\"application\/ld+json\" class=\"yoast-schema-graph\">{\"@context\":\"https:\\\/\\\/schema.org\",\"@graph\":[{\"@type\":\"WebPage\",\"@id\":\"https:\\\/\\\/gengo.com\\\/es\\\/404-error\\\/\",\"url\":\"https:\\\/\\\/gengo.com\\\/es\\\/404-error\\\/\",\"name\":\"Error 404 - Gengo\",\"isPartOf\":{\"@id\":\"https:\\\/\\\/gengo.com\\\/es\\\/#website\"},\"datePublished\":\"2015-04-02T22:59:55+00:00\",\"dateModified\":\"2024-08-22T09:39:32+00:00\",\"breadcrumb\":{\"@id\":\"https:\\\/\\\/gengo.com\\\/es\\\/404-error\\\/#breadcrumb\"},\"inLanguage\":\"es\",\"potentialAction\":[{\"@type\":\"ReadAction\",\"target\":[\"https:\\\/\\\/gengo.com\\\/es\\\/404-error\\\/\"]}]},{\"@type\":\"BreadcrumbList\",\"@id\":\"https:\\\/\\\/gengo.com\\\/es\\\/404-error\\\/#breadcrumb\",\"itemListElement\":[{\"@type\":\"ListItem\",\"position\":1,\"name\":\"Home\",\"item\":\"https:\\\/\\\/gengo.com\\\/es\\\/\"},{\"@type\":\"ListItem\",\"position\":2,\"name\":\"Error 404\"}]},{\"@type\":\"WebSite\",\"@id\":\"https:\\\/\\\/gengo.com\\\/es\\\/#website\",\"url\":\"https:\\\/\\\/gengo.com\\\/es\\\/\",\"name\":\"Gengo\",\"description\":\"Translation Service\",\"publisher\":{\"@id\":\"https:\\\/\\\/gengo.com\\\/es\\\/#organization\"},\"potentialAction\":[{\"@type\":\"SearchAction\",\"target\":{\"@type\":\"EntryPoint\",\"urlTemplate\":\"https:\\\/\\\/gengo.com\\\/es\\\/?s={search_term_string}\"},\"query-input\":{\"@type\":\"PropertyValueSpecification\",\"valueRequired\":true,\"valueName\":\"search_term_string\"}}],\"inLanguage\":\"es\"},{\"@type\":\"Organization\",\"@id\":\"https:\\\/\\\/gengo.com\\\/es\\\/#organization\",\"name\":\"Gengo\",\"url\":\"https:\\\/\\\/gengo.com\\\/es\\\/\",\"logo\":{\"@type\":\"ImageObject\",\"inLanguage\":\"es\",\"@id\":\"https:\\\/\\\/gengo.com\\\/es\\\/#\\\/schema\\\/logo\\\/image\\\/\",\"url\":\"https:\\\/\\\/gengo.com\\\/wp-content\\\/uploads\\\/2019\\\/06\\\/gengo_favicon.png\",\"contentUrl\":\"https:\\\/\\\/gengo.com\\\/wp-content\\\/uploads\\\/2019\\\/06\\\/gengo_favicon.png\",\"width\":260,\"height\":260,\"caption\":\"Gengo\"},\"image\":{\"@id\":\"https:\\\/\\\/gengo.com\\\/es\\\/#\\\/schema\\\/logo\\\/image\\\/\"},\"sameAs\":[\"https:\\\/\\\/www.facebook.com\\\/mygengo\",\"https:\\\/\\\/x.com\\\/gengoit\",\"https:\\\/\\\/www.instagram.com\\\/gengoit\\\/\",\"https:\\\/\\\/www.linkedin.com\\\/company\\\/gengo\\\/\",\"https:\\\/\\\/www.youtube.com\\\/user\\\/gengo\"]}]}<\/script>\n<!-- \/ Yoast SEO plugin. -->","yoast_head_json":{"title":"Error 404 - Gengo","robots":{"index":"index","follow":"follow","max-snippet":"max-snippet:-1","max-image-preview":"max-image-preview:large","max-video-preview":"max-video-preview:-1"},"canonical":"https:\/\/gengo.com\/es\/404-error\/","og_locale":"es_ES","og_type":"article","og_title":"Error 404 - Gengo","og_description":"P\u00e1gina no encontrada No podemos encontrar la p\u00e1gina a la cual trat\u00f3 de acceder. Por favor verifica si escribiste o pegaste la direcci\u00f3n correctamente. Si piensas que hay un error de nuestra parte, por favor cont\u00e1ctanos.","og_url":"https:\/\/gengo.com\/es\/404-error\/","og_site_name":"Gengo","article_publisher":"https:\/\/www.facebook.com\/mygengo","article_modified_time":"2024-08-22T09:39:32+00:00","twitter_card":"summary_large_image","twitter_site":"@gengoit","twitter_misc":{"Tiempo de lectura":"1 minuto"},"schema":{"@context":"https:\/\/schema.org","@graph":[{"@type":"WebPage","@id":"https:\/\/gengo.com\/es\/404-error\/","url":"https:\/\/gengo.com\/es\/404-error\/","name":"Error 404 - Gengo","isPartOf":{"@id":"https:\/\/gengo.com\/es\/#website"},"datePublished":"2015-04-02T22:59:55+00:00","dateModified":"2024-08-22T09:39:32+00:00","breadcrumb":{"@id":"https:\/\/gengo.com\/es\/404-error\/#breadcrumb"},"inLanguage":"es","potentialAction":[{"@type":"ReadAction","target":["https:\/\/gengo.com\/es\/404-error\/"]}]},{"@type":"BreadcrumbList","@id":"https:\/\/gengo.com\/es\/404-error\/#breadcrumb","itemListElement":[{"@type":"ListItem","position":1,"name":"Home","item":"https:\/\/gengo.com\/es\/"},{"@type":"ListItem","position":2,"name":"Error 404"}]},{"@type":"WebSite","@id":"https:\/\/gengo.com\/es\/#website","url":"https:\/\/gengo.com\/es\/","name":"Gengo","description":"Translation Service","publisher":{"@id":"https:\/\/gengo.com\/es\/#organization"},"potentialAction":[{"@type":"SearchAction","target":{"@type":"EntryPoint","urlTemplate":"https:\/\/gengo.com\/es\/?s={search_term_string}"},"query-input":{"@type":"PropertyValueSpecification","valueRequired":true,"valueName":"search_term_string"}}],"inLanguage":"es"},{"@type":"Organization","@id":"https:\/\/gengo.com\/es\/#organization","name":"Gengo","url":"https:\/\/gengo.com\/es\/","logo":{"@type":"ImageObject","inLanguage":"es","@id":"https:\/\/gengo.com\/es\/#\/schema\/logo\/image\/","url":"https:\/\/gengo.com\/wp-content\/uploads\/2019\/06\/gengo_favicon.png","contentUrl":"https:\/\/gengo.com\/wp-content\/uploads\/2019\/06\/gengo_favicon.png","width":260,"height":260,"caption":"Gengo"},"image":{"@id":"https:\/\/gengo.com\/es\/#\/schema\/logo\/image\/"},"sameAs":["https:\/\/www.facebook.com\/mygengo","https:\/\/x.com\/gengoit","https:\/\/www.instagram.com\/gengoit\/","https:\/\/www.linkedin.com\/company\/gengo\/","https:\/\/www.youtube.com\/user\/gengo"]}]}},"_links":{"self":[{"href":"https:\/\/gengo.com\/es\/wp-json\/wp\/v2\/pages\/7106","targetHints":{"allow":["GET"]}}],"collection":[{"href":"https:\/\/gengo.com\/es\/wp-json\/wp\/v2\/pages"}],"about":[{"href":"https:\/\/gengo.com\/es\/wp-json\/wp\/v2\/types\/page"}],"author":[{"embeddable":true,"href":"https:\/\/gengo.com\/es\/wp-json\/wp\/v2\/users\/2"}],"replies":[{"embeddable":true,"href":"https:\/\/gengo.com\/es\/wp-json\/wp\/v2\/comments?post=7106"}],"version-history":[{"count":0,"href":"https:\/\/gengo.com\/es\/wp-json\/wp\/v2\/pages\/7106\/revisions"}],"wp:attachment":[{"href":"https:\/\/gengo.com\/es\/wp-json\/wp\/v2\/media?parent=7106"}],"curies":[{"name":"wp","href":"https:\/\/api.w.org\/{rel}","templated":true}]}}