{"id":19815,"date":"2018-01-23T09:09:57","date_gmt":"2018-01-23T00:09:57","guid":{"rendered":"https:\/\/staging.gengo.com\/?page_id=19815"},"modified":"2023-01-05T14:39:00","modified_gmt":"2023-01-05T05:39:00","slug":"business","status":"publish","type":"page","link":"https:\/\/gengo.com\/fr\/business\/","title":{"rendered":"Entreprises"},"content":{"rendered":"<style type=\"text\/css\">\r\n\r\n.cust-top .cust-logos .cust-logo-big img {\r\n    margin-bottom: 0;\r\n}\r\n\r\n@media (min-width: 768px) {\r\n#Highlighted-capabilities .row {\r\ndisplay: flex;\r\nalign-items: center;\r\n}\r\n}\r\n@media (max-width: 767px) {\r\n#Highlighted-capabilities img {\r\n    padding: 0 10%;\r\n}\r\n}\r\n#For-your-industry h2 {\r\n    margin-bottom: 36px;\r\n}\r\n#For-your-industry img {\r\n    margin-bottom: 20px;\r\n}\r\n@media(min-width: 768px){\r\n.site-header section.section-transparent.xs-align-left {\r\npadding: 135px 0;\r\n}\r\n.site-header h1.negative {\r\nfont-size: 60px;\r\n}\r\n.site-header p.negative.p-lg {\r\nfont-size: 28px;\r\nmargin-bottom: 35px;\r\n}\r\nsection .subsection {\r\n    padding: 30px 0;\r\n}\r\n}\r\n<\/style>\r\n<section class=\"section-shorter\">\r\n    <div id=\"overview\" class=\"subsection section-center\">\r\n        <div class=\"container\">\r\n            <div class=\"row\">\r\n                <div class=\"col-sm-4\">\r\n                    <img decoding=\"async\" class=\"img-responsive img-separator\" src=\"\/wp-content\/uploads\/2017\/02\/2016_business_1-1.png\">\r\n\r\n                    <h3>Sur demande<\/h3>\r\n\r\n                    <p class=\"p1\"><span class=\"s1\">Avec plus de 21 000 traducteurs dans tous les fuseaux horaires, nous fournissons des traductions humaines \u00e0 la vitesse proche de celles faites par une machine. Nous traitons plus d\u2019un million de mots par jour, et 95 % des projets sont entam\u00e9s dans les 120 minutes apr\u00e8s avoir \u00e9t\u00e9 command\u00e9s.<\/span><\/p>\r\n                <\/div>\r\n\r\n                <div class=\"clearfix visible-xs\" style=\"margin-bottom: 24px;\"><\/div>\r\n\r\n                <div class=\"col-sm-4\">\r\n                    <img decoding=\"async\" class=\"img-responsive img-separator\" src=\"\/wp-content\/uploads\/2017\/02\/2016_business_1-2.png\">\r\n\r\n                    <h3>Excellente qualit\u00e9<\/h3>\r\n\r\n                    <p class=\"p1\"><span class=\"s1\">Avec nos tests syst\u00e9matiques, des outils de traduction et un suivi qualit\u00e9 constant, nous fournissons des <a href=\"\/fr\/professional-translation\/\">traductions professionnelles<\/a> de qualit\u00e9 au volume et \u00e0 la vitesse dont vous avez besoin. En 2016, notre satisfaction client \u00e9tait de 98 %.<\/span><\/p>\r\n                <\/div>\r\n\r\n                <div class=\"clearfix visible-xs\" style=\"margin-bottom: 24px;\"><\/div>\r\n\r\n                <div class=\"col-sm-4\">\r\n                    <img decoding=\"async\" class=\"img-responsive img-separator\" src=\"\/wp-content\/uploads\/2017\/02\/2016_business_1-3.png\">\r\n\r\n                    <h3>Abordable<\/h3>\r\n\r\n                    <p class=\"p1\"><span class=\"s1\">Nous offrons une tarification au mot simple et moiti\u00e9 moins ch\u00e8re que les agences de traduction traditionnelles. Diminuez vos d\u00e9penses, optimisez vos op\u00e9rations et stimulez votre productivit\u00e9 pour tous vos projets commerciaux.<\/span><\/p>\r\n                    <div class=\"clearfix visible-xs\" style=\"margin-bottom: 36px;\"><\/div>\r\n                <\/div>\r\n            <\/div>\r\n        <\/div>\r\n    <\/div>\r\n\r\n    <div id=\"Highlighted-capabilities\" class=\"subsection\">\r\n        <div class=\"container\">\r\n            <div class=\"row\">\r\n                <div class=\"col-xs-12 center\">\r\n                    <h2>Des comp\u00e9tences uniques<\/h2>\r\n                    <div class=\"clearfix visible-xs\" style=\"margin-bottom: 36px;\"><\/div>\r\n                <\/div>\r\n            <\/div>\r\n\r\n            <div class=\"row\">\r\n                <div class=\"col-xs-12 col-sm-6\"><img decoding=\"async\" class=\"img-responsive\" src=\"\/wp-content\/uploads\/2017\/02\/2016_business_2-1.png\">\r\n                    <div class=\"clearfix visible-xs\" style=\"margin-bottom: 36px;\"><\/div><\/div>\r\n\r\n                <div class=\"col-xs-12 col-sm-6\">\r\n                    <h3>Une technologie int\u00e9gr\u00e9e<\/h3>La plateforme de Gengo, dont le fonctionnement est simple et d\u2019une grande efficacit\u00e9, est dot\u00e9e d\u2019outils de traduction int\u00e9gr\u00e9s comme la validation automatique, un syst\u00e8me de gestion de la terminologie et une m\u00e9moire de traduction pour garantir une qualit\u00e9, coh\u00e9rence et un rendement \u00e9lev\u00e9s.\r\n                    <div class=\"clearfix visible-xs\" style=\"margin-bottom: 36px;\"><\/div>\r\n                <\/div>\r\n            <\/div>\r\n            <div class=\"clearfix\" style=\"margin-bottom: 36px;\"><\/div>\r\n            <div class=\"row\">\r\n                <div class=\"col-xs-12 col-sm-6\"><img decoding=\"async\" class=\"img-responsive\" src=\"\/wp-content\/uploads\/2017\/02\/2016_business_2-2.png\">\r\n                    <div class=\"clearfix visible-xs\" style=\"margin-bottom: 36px;\"><\/div><\/div>\r\n\r\n                <div class=\"col-xs-12 col-sm-6\">\r\n                    <h3>Des \u00e9quipes de traduction d\u00e9di\u00e9es<\/h3>Notre \u00e9quipe d\u00e9di\u00e9e aux services professionnels se consacre \u00e0 la gestion de projets de traduction complexes mandat\u00e9s par des grandes entreprises. Quel que soit le type de projet, son envergure ou son urgence, nous sommes en mesure de satisfaire des d\u00e9lais personnalis\u00e9s en mobilisant une \u00e9quipe r\u00e9pondant aux besoins exacts de votre projet.\r\n                    <div class=\"clearfix visible-xs\" style=\"margin-bottom: 36px;\"><\/div>\r\n                <\/div>\r\n            <\/div>\r\n            <div class=\"clearfix\" style=\"margin-bottom: 36px;\"><\/div>\r\n            <div class=\"row\">\r\n                <div class=\"col-xs-12 col-sm-6\"><img decoding=\"async\" class=\"img-responsive\" src=\"\/wp-content\/uploads\/2017\/02\/2016_business_2-3.png\">\r\n                    <div class=\"clearfix visible-xs\" style=\"margin-bottom: 36px;\"><\/div><\/div>\r\n\r\n                <div class=\"col-xs-12 col-sm-6\">\r\n                    <h3>Assurance qualit\u00e9<\/h3>Au moyen d\u2019un syst\u00e8me de test qui nous est propre, de r\u00e9visions al\u00e9atoires et de v\u00e9rification par les pairs, nous livrons des traductions d\u2019excellente qualit\u00e9 et sur mesure. Nos r\u00e9sultats en sont la preuve : plus de 215 millions de mots traduits en 2016, avec plus de 98,8 % de travaux approuv\u00e9s par nos clients.\r\n                    <div class=\"clearfix visible-xs\" style=\"margin-bottom: 36px;\"><\/div>\r\n                <\/div>\r\n            <\/div>\r\n        <\/div>\r\n    <\/div>\r\n\r\n    <div id=\"For-your-industry\" class=\"subsection\">\r\n        <div class=\"container\">\r\n            <div class=\"row\">\r\n                <div class=\"col-sm-12 center\">\r\n                    <h2>Pour votre industrie<\/h2>\r\n                <\/div>\r\n            <\/div>\r\n\r\n            <div class=\"row\">\r\n                <div class=\"col-sm-4\">\r\n                    <img decoding=\"async\" class=\"img-responsive img-separator\" src=\"\/wp-content\/uploads\/2017\/02\/2016_business_3-1.png\">\r\n\r\n                    <h3>E-commerce<\/h3>\r\n\r\n                    <p class=\"p1\"><span class=\"s1\">Traduisez des milliers de descriptions de produits et des critiques de clients en quelques clics.<\/span><br>\r\n                    <a href=\"..\/ecommerce\/\">EN SAVOIR PLUS<\/a><\/p>\r\n                <\/div>\r\n\r\n                <div class=\"clearfix visible-xs\" style=\"margin-bottom: 24px;\"><\/div>\r\n\r\n                <div class=\"col-sm-4\">\r\n                    <img decoding=\"async\" class=\"img-responsive img-separator\" src=\"\/wp-content\/uploads\/2017\/02\/2016_business_3-2.png\">\r\n\r\n                    <h3>M\u00e9dias et divertissement<\/h3>\r\n\r\n                    <p class=\"p1\"><span class=\"s1\">Traduisez \u00e0 la vitesse des \u00e9v\u00e9nements de l\u2019actualit\u00e9 pour transmettre votre contenu dans le monde entier.<\/span><br>\r\n                    <a href=\"..\/media\/\">EN SAVOIR PLUS<\/a><\/p>\r\n                <\/div>\r\n\r\n                <div class=\"clearfix visible-xs\" style=\"margin-bottom: 24px;\"><\/div>\r\n\r\n                <div class=\"col-sm-4\">\r\n                    <img decoding=\"async\" class=\"img-responsive img-separator\" src=\"\/wp-content\/uploads\/2017\/02\/2016_business_3-3.png\">\r\n\r\n                    <h3>Voyages et hospitalit\u00e9<\/h3>\r\n\r\n                    <p class=\"p1\"><span class=\"s1\">R\u00e9pondez aux envies de voyage de vos clients multilingues tout en restant fid\u00e8le \u00e0 votre marque internationale.<\/span><br>\r\n                    <a href=\"..\/travel\/\">EN SAVOIR PLUS<\/a><\/p>\r\n                <\/div>\r\n            <\/div>\r\n        <\/div>\r\n    <\/div>\r\n<\/section>\r\n\r\n<section class=\"section-grey\">\r\n    <div class=\"container\">\r\n        <div class=\"row cust-top\">\r\n            <div class=\"col-sm-12 center\">\r\n                <h2>Les retours de nos clients<\/h2>\r\n            <\/div>\r\n\r\n            <div class=\"cust-logos\" id=\"cust-logos\">\r\n\r\n                <a href=\"\/customer\/amara\"><div class=\"cust-logo customer-ecommerce-partners cust-logo-big\" onclick=\"location.href=\/customer\/amara\/\">\r\n                    <img loading=\"lazy\" decoding=\"async\" width=\"150\" height=\"78\" src=\"\/wp-content\/uploads\/2014\/12\/Amara.png\" class=\"logo-block-img wp-post-image\" alt=\"Amara\">\r\n                    <p class=\"p-xs\">\u00ab Nous avons pass\u00e9 notre premi\u00e8re commande \u00e0 travers l\u2019API et nous avons eu un retour en quelques secondes uniquement. Rien de plus rassurant et agr\u00e9able que de constater qu\u2019il est d\u00e9sormais facile de faire traduire un site avec Gengo. \u00bb<strong>EN SAVOIR PLUS \u2192<\/strong><\/p>\r\n                    <p class=\"p-xs logo-big-author\"><strong>Freddie Chatt<\/strong><br>\r\n                    Directeur du d\u00e9veloppement international chez Amara<\/p>\r\n                <\/div><\/a>\r\n\r\n                <a href=\"\/customer\/bed-and-breakfast\/\"><div class=\"cust-logo customer-travel\" onclick=\"location.href=\/customer\/bed-and-breakfast\/\"><img loading=\"lazy\" decoding=\"async\" width=\"150\" height=\"78\" src=\"\/wp-content\/uploads\/2015\/04\/logo_bedandbreakfast1.png\" class=\"logo-block-img wp-post-image\" alt=\"logo_bedandbreakfast\"><\/div><\/a>\r\n\r\n                <a href=\"\/customer\/eventbrite\/\"><div class=\"cust-logo customer-tech onclick=\"location.href=\/customer\/eventbrite\/\"><img loading=\"lazy\" decoding=\"async\" width=\"150\" height=\"78\" src=\"\/wp-content\/uploads\/2014\/08\/Eventbrite1.png\" class=\"logo-block-img wp-post-image\" alt=\"Eventbrite\"><\/div><\/a>\r\n\r\n                <a href=\"\/customer\/travel-homeaway\/\"><div class=\"cust-logo customer-travel cust-logo-big\" onclick=\"location.href=\/customer\/travel-homeaway\/\">\r\n                    <img loading=\"lazy\" decoding=\"async\" width=\"150\" height=\"78\" src=\"\/wp-content\/uploads\/2015\/04\/logo_homeaway.png\" class=\"logo-block-img wp-post-image\" alt=\"logo_homeaway\">\r\n                    <p class=\"p-xs\">\u00ab Nous utilisons Gengo pour traduire des articles d\u2019aide aux clients et des mod\u00e8les d\u2019e-mail pour notre march\u00e9 de location de r\u00e9sidences de vacances. Nous appr\u00e9cions tout particuli\u00e8rement la vitesse et la qualit\u00e9 d\u00e9livr\u00e9es. \u00bb <strong>EN SAVOIR PLUS \u2192<\/strong><\/p>\r\n                    <p class=\"p-xs logo-big-author\"><strong>Shannon Martin<\/strong><br>\r\n                    Directrice des op\u00e9rations relatives aux exp\u00e9riences client dans le monde chez HomeAway<\/p>\r\n                <\/div><\/a>\r\n\r\n                <a href=\"\/customer\/shapeup\/\"><div class=\"cust-logo customer-health-beauty\" onclick=\"location.href=\/customer\/shapeup\/\"><img loading=\"lazy\" decoding=\"async\" width=\"150\" height=\"78\" src=\"\/wp-content\/uploads\/2013\/05\/Shapeup.png\" class=\"logo-block-img wp-post-image\" alt=\"Shapeup\"><\/div><\/a>\r\n\r\n                <a href=\"\/customer\/vestiaire\/\"><div class=\"cust-logo customer-ecommerce-partners\" onclick=\"location.href=\/customer\/vestiaire\/\"><img loading=\"lazy\" decoding=\"async\" width=\"150\" height=\"78\" src=\"\/wp-content\/uploads\/2013\/05\/Vestiaire_Collective.png\" class=\"logo-block-img wp-post-image\" alt=\"Vestiaire_Collective\"><\/div><\/a>\r\n\r\n                <p class=\"p1\">\r\n<\/p>\r\n            <\/div>\r\n        <\/div>\r\n    <\/div>\r\n    <div class=\"clearfix\" style=\"margin-bottom: 24px;\"><\/div>\r\n    <div class=\"center\">\r\n        <a class=\"a-btn\" href=\"\/customers\/\"><button type=\"button\" class=\"btn btn-sm btn-primary\">En savoir plus sur l\u2019utilisation de Gengo par d\u2019autres clients<\/button><\/a>\r\n    <\/div>\r\n\r\n<\/section>\r\n\r\n<section>\r\n    <div id=\"asset-library\" class=\"subsection mobile-center\">\r\n        <div class=\"container\">\r\n            <div class=\"row\">\r\n                <div class=\"col-sm-6\"><img decoding=\"async\" class=\"img-responsive\" src=\"\/wp-content\/uploads\/2017\/02\/2016_business_5.png\"><\/div>\r\n\r\n                <div class=\"col-sm-6\">\r\n                    <h2>Ressources commerciales<\/h2>\r\n\r\n                    <p class=\"p1\">Vous \u00eates \u00e0 la recherche de conseils d\u2019expert sur la localisation ? Vous trouverez tout ce dont vous avez besoin ici. D\u00e9couvrez toutes les informations n\u00e9cessaires sur le d\u00e9veloppement de votre entreprise internationale ; des documents de pr\u00e9sentation, guides sp\u00e9cifiques \u00e0 l\u2019industrie \u00e0 des conseils en infographie.<br>\r\n                    <a href=\"\/business\/resources\/\">EN SAVOIR PLUS<\/a><\/p>\r\n                <\/div>\r\n            <\/div>\r\n        <\/div>\r\n    <\/div>\r\n<\/section>\r\n\r\n<section class=\"section-dark-gray section-center home-contact-us-section\">\r\n    <div class=\"container\">\r\n        <div class=\"row\">\r\n            <div class=\"col-sm-6\">\r\n                <h2 class=\"negative\">Vous souhaitez utiliser nos services ?<\/h2>\r\n\r\n                <p class=\"negative\">Passez commande via notre formulaire et obtenez rapidement la traduction d\u00e9sir\u00e9e.<\/p><a class=\"a-btn\" href=\"https:\/\/fr.gengo.com\/order\/?from=bottom\"><button type=\"button\" class=\"btn btn-large btn-fixed-width btn-primary\">Commandez en ligne<\/button><\/a>\r\n            <\/div>\r\n\r\n            <div class=\"clearfix visible-xs\"><\/div>\r\n\r\n            <div class=\"col-sm-6\">\r\n                <h2 class=\"negative\">Vous avez un projet de grande envergure ?<\/h2>\r\n\r\n                <p class=\"negative\">\u00c9changez directement avec l\u2019un de nos charg\u00e9s de compte.<\/p>\r\n                    <br class=\"visible-lg\" \/>\r\n<a class=\"a-btn\" style=\"display: block; padding-top: 2px;\" href=\"\/fr\/contact-sales-new\/?from=bottom\"><button type=\"button\" class=\"btn btn-large btn-default\">Contactez notre service commercial<\/button><\/a>\r\n            <\/div>\r\n        <\/div>\r\n    <\/div>\r\n<\/section>","protected":false},"excerpt":{"rendered":"Sur demande Avec plus de 21 000 traducteurs dans tous les fuseaux horaires, nous fournissons des traductions humaines \u00e0 la vitesse proche de celles faites par une machine. Nous traitons plus d\u2019un million de mots par jour, et 95 % des projets sont entam\u00e9s dans les 120 minutes apr\u00e8s avoir \u00e9t\u00e9 command\u00e9s. Excellente qualit\u00e9 Avec [&hellip;]","protected":false},"author":2,"featured_media":0,"parent":0,"menu_order":0,"comment_status":"closed","ping_status":"closed","template":"page-templates\/custom-header.php","meta":{"_acf_changed":false,"footnotes":""},"class_list":["post-19815","page","type-page","status-publish","hentry"],"acf":[],"yoast_head":"<!-- This site is optimized with the Yoast SEO plugin v27.3 - https:\/\/yoast.com\/product\/yoast-seo-wordpress\/ -->\n<title>Entreprises - Gengo<\/title>\n<meta name=\"robots\" content=\"index, follow, max-snippet:-1, max-image-preview:large, max-video-preview:-1\" \/>\n<link rel=\"canonical\" href=\"https:\/\/gengo.com\/fr\/business\/\" \/>\n<meta property=\"og:locale\" content=\"fr_FR\" \/>\n<meta property=\"og:type\" content=\"article\" \/>\n<meta property=\"og:title\" content=\"Entreprises - Gengo\" \/>\n<meta property=\"og:description\" content=\"Sur demande Avec plus de 21 000 traducteurs dans tous les fuseaux horaires, nous fournissons des traductions humaines \u00e0 la vitesse proche de celles faites par une machine. Nous traitons plus d\u2019un million de mots par jour, et 95 % des projets sont entam\u00e9s dans les 120 minutes apr\u00e8s avoir \u00e9t\u00e9 command\u00e9s. Excellente qualit\u00e9 Avec [&hellip;]\" \/>\n<meta property=\"og:url\" content=\"https:\/\/gengo.com\/fr\/business\/\" \/>\n<meta property=\"og:site_name\" content=\"Gengo\" \/>\n<meta property=\"article:publisher\" content=\"https:\/\/www.facebook.com\/mygengo\" \/>\n<meta property=\"article:modified_time\" content=\"2023-01-05T05:39:00+00:00\" \/>\n<meta name=\"twitter:card\" content=\"summary_large_image\" \/>\n<meta name=\"twitter:site\" content=\"@gengoit\" \/>\n<meta name=\"twitter:label1\" content=\"Dur\u00e9e de lecture estim\u00e9e\" \/>\n\t<meta name=\"twitter:data1\" content=\"6 minutes\" \/>\n<script type=\"application\/ld+json\" class=\"yoast-schema-graph\">{\"@context\":\"https:\\\/\\\/schema.org\",\"@graph\":[{\"@type\":\"WebPage\",\"@id\":\"https:\\\/\\\/gengo.com\\\/fr\\\/business\\\/\",\"url\":\"https:\\\/\\\/gengo.com\\\/fr\\\/business\\\/\",\"name\":\"Entreprises - Gengo\",\"isPartOf\":{\"@id\":\"https:\\\/\\\/gengo.com\\\/fr\\\/#website\"},\"datePublished\":\"2018-01-23T00:09:57+00:00\",\"dateModified\":\"2023-01-05T05:39:00+00:00\",\"breadcrumb\":{\"@id\":\"https:\\\/\\\/gengo.com\\\/fr\\\/business\\\/#breadcrumb\"},\"inLanguage\":\"fr-FR\",\"potentialAction\":[{\"@type\":\"ReadAction\",\"target\":[\"https:\\\/\\\/gengo.com\\\/fr\\\/business\\\/\"]}]},{\"@type\":\"BreadcrumbList\",\"@id\":\"https:\\\/\\\/gengo.com\\\/fr\\\/business\\\/#breadcrumb\",\"itemListElement\":[{\"@type\":\"ListItem\",\"position\":1,\"name\":\"Home\",\"item\":\"https:\\\/\\\/gengo.com\\\/fr\\\/\"},{\"@type\":\"ListItem\",\"position\":2,\"name\":\"Entreprises\"}]},{\"@type\":\"WebSite\",\"@id\":\"https:\\\/\\\/gengo.com\\\/fr\\\/#website\",\"url\":\"https:\\\/\\\/gengo.com\\\/fr\\\/\",\"name\":\"Gengo\",\"description\":\"Translation Service\",\"publisher\":{\"@id\":\"https:\\\/\\\/gengo.com\\\/fr\\\/#organization\"},\"potentialAction\":[{\"@type\":\"SearchAction\",\"target\":{\"@type\":\"EntryPoint\",\"urlTemplate\":\"https:\\\/\\\/gengo.com\\\/fr\\\/?s={search_term_string}\"},\"query-input\":{\"@type\":\"PropertyValueSpecification\",\"valueRequired\":true,\"valueName\":\"search_term_string\"}}],\"inLanguage\":\"fr-FR\"},{\"@type\":\"Organization\",\"@id\":\"https:\\\/\\\/gengo.com\\\/fr\\\/#organization\",\"name\":\"Gengo\",\"url\":\"https:\\\/\\\/gengo.com\\\/fr\\\/\",\"logo\":{\"@type\":\"ImageObject\",\"inLanguage\":\"fr-FR\",\"@id\":\"https:\\\/\\\/gengo.com\\\/fr\\\/#\\\/schema\\\/logo\\\/image\\\/\",\"url\":\"https:\\\/\\\/gengo.com\\\/wp-content\\\/uploads\\\/2019\\\/06\\\/gengo_favicon.png\",\"contentUrl\":\"https:\\\/\\\/gengo.com\\\/wp-content\\\/uploads\\\/2019\\\/06\\\/gengo_favicon.png\",\"width\":260,\"height\":260,\"caption\":\"Gengo\"},\"image\":{\"@id\":\"https:\\\/\\\/gengo.com\\\/fr\\\/#\\\/schema\\\/logo\\\/image\\\/\"},\"sameAs\":[\"https:\\\/\\\/www.facebook.com\\\/mygengo\",\"https:\\\/\\\/x.com\\\/gengoit\",\"https:\\\/\\\/www.instagram.com\\\/gengoit\\\/\",\"https:\\\/\\\/www.linkedin.com\\\/company\\\/gengo\\\/\",\"https:\\\/\\\/www.youtube.com\\\/user\\\/gengo\"]}]}<\/script>\n<!-- \/ Yoast SEO plugin. -->","yoast_head_json":{"title":"Entreprises - Gengo","robots":{"index":"index","follow":"follow","max-snippet":"max-snippet:-1","max-image-preview":"max-image-preview:large","max-video-preview":"max-video-preview:-1"},"canonical":"https:\/\/gengo.com\/fr\/business\/","og_locale":"fr_FR","og_type":"article","og_title":"Entreprises - Gengo","og_description":"Sur demande Avec plus de 21 000 traducteurs dans tous les fuseaux horaires, nous fournissons des traductions humaines \u00e0 la vitesse proche de celles faites par une machine. Nous traitons plus d\u2019un million de mots par jour, et 95 % des projets sont entam\u00e9s dans les 120 minutes apr\u00e8s avoir \u00e9t\u00e9 command\u00e9s. Excellente qualit\u00e9 Avec [&hellip;]","og_url":"https:\/\/gengo.com\/fr\/business\/","og_site_name":"Gengo","article_publisher":"https:\/\/www.facebook.com\/mygengo","article_modified_time":"2023-01-05T05:39:00+00:00","twitter_card":"summary_large_image","twitter_site":"@gengoit","twitter_misc":{"Dur\u00e9e de lecture estim\u00e9e":"6 minutes"},"schema":{"@context":"https:\/\/schema.org","@graph":[{"@type":"WebPage","@id":"https:\/\/gengo.com\/fr\/business\/","url":"https:\/\/gengo.com\/fr\/business\/","name":"Entreprises - Gengo","isPartOf":{"@id":"https:\/\/gengo.com\/fr\/#website"},"datePublished":"2018-01-23T00:09:57+00:00","dateModified":"2023-01-05T05:39:00+00:00","breadcrumb":{"@id":"https:\/\/gengo.com\/fr\/business\/#breadcrumb"},"inLanguage":"fr-FR","potentialAction":[{"@type":"ReadAction","target":["https:\/\/gengo.com\/fr\/business\/"]}]},{"@type":"BreadcrumbList","@id":"https:\/\/gengo.com\/fr\/business\/#breadcrumb","itemListElement":[{"@type":"ListItem","position":1,"name":"Home","item":"https:\/\/gengo.com\/fr\/"},{"@type":"ListItem","position":2,"name":"Entreprises"}]},{"@type":"WebSite","@id":"https:\/\/gengo.com\/fr\/#website","url":"https:\/\/gengo.com\/fr\/","name":"Gengo","description":"Translation Service","publisher":{"@id":"https:\/\/gengo.com\/fr\/#organization"},"potentialAction":[{"@type":"SearchAction","target":{"@type":"EntryPoint","urlTemplate":"https:\/\/gengo.com\/fr\/?s={search_term_string}"},"query-input":{"@type":"PropertyValueSpecification","valueRequired":true,"valueName":"search_term_string"}}],"inLanguage":"fr-FR"},{"@type":"Organization","@id":"https:\/\/gengo.com\/fr\/#organization","name":"Gengo","url":"https:\/\/gengo.com\/fr\/","logo":{"@type":"ImageObject","inLanguage":"fr-FR","@id":"https:\/\/gengo.com\/fr\/#\/schema\/logo\/image\/","url":"https:\/\/gengo.com\/wp-content\/uploads\/2019\/06\/gengo_favicon.png","contentUrl":"https:\/\/gengo.com\/wp-content\/uploads\/2019\/06\/gengo_favicon.png","width":260,"height":260,"caption":"Gengo"},"image":{"@id":"https:\/\/gengo.com\/fr\/#\/schema\/logo\/image\/"},"sameAs":["https:\/\/www.facebook.com\/mygengo","https:\/\/x.com\/gengoit","https:\/\/www.instagram.com\/gengoit\/","https:\/\/www.linkedin.com\/company\/gengo\/","https:\/\/www.youtube.com\/user\/gengo"]}]}},"_links":{"self":[{"href":"https:\/\/gengo.com\/fr\/wp-json\/wp\/v2\/pages\/19815","targetHints":{"allow":["GET"]}}],"collection":[{"href":"https:\/\/gengo.com\/fr\/wp-json\/wp\/v2\/pages"}],"about":[{"href":"https:\/\/gengo.com\/fr\/wp-json\/wp\/v2\/types\/page"}],"author":[{"embeddable":true,"href":"https:\/\/gengo.com\/fr\/wp-json\/wp\/v2\/users\/2"}],"replies":[{"embeddable":true,"href":"https:\/\/gengo.com\/fr\/wp-json\/wp\/v2\/comments?post=19815"}],"version-history":[{"count":0,"href":"https:\/\/gengo.com\/fr\/wp-json\/wp\/v2\/pages\/19815\/revisions"}],"wp:attachment":[{"href":"https:\/\/gengo.com\/fr\/wp-json\/wp\/v2\/media?parent=19815"}],"curies":[{"name":"wp","href":"https:\/\/api.w.org\/{rel}","templated":true}]}}