{"id":20150,"date":"2017-12-07T11:44:15","date_gmt":"2017-12-07T02:44:15","guid":{"rendered":"https:\/\/staging.gengo.com\/services\/"},"modified":"2024-08-14T19:08:24","modified_gmt":"2024-08-14T10:08:24","slug":"services","status":"publish","type":"page","link":"https:\/\/gengo.com\/fr\/services\/","title":{"rendered":"Services"},"content":{"rendered":"<section class=\"cr-section\">\r\n<div class=\"container\">\r\n<div class=\"row\">\r\n<div class=\"col-xs-12 center\">\r\n<h2>Nos services<\/h2>\r\n<p style=\"margin-bottom: 36px; font-size: 18px;\">De la traduction et transcription \u00e0 la synth\u00e8se, cat\u00e9gorisation et r\u00e9daction publicitaire, notre plateforme multiservices peut vous aider \u00e0 satisfaire tous vos besoins.<\/p>\r\n<div class=\"col-sm-4 mcenter\" align=\"left\"><img decoding=\"async\" src=\"\/wp-content\/uploads\/2024\/05\/translation-content-service-icon.png\" width=\"auto\" height=\"90\" class=\"p-lg\">\r\n<h3>Traduction<\/h3>\r\n<p>Avec plus de 21 000 traducteurs certifi\u00e9s, nous fournissons des traductions professionnelles rapides, abordables et sur mesure dans plus de 70 langues. Nous pouvons traiter de grandes quantit\u00e9s de contenu provenant de toutes les industries. Il est possible de commander avec notre formulaire ou notre API.<\/p>\r\n<p class=\"p1\"><a class=\"a-btn\" href=\"https:\/\/fr.gengo.com\/order\/?from=services_translation\">\r\n<button class=\"btn btn-sm btn-primary\" type=\"button\">\r\nCommandez en ligne\r\n<\/button>\r\n<\/a><\/p>\r\n<\/div>\r\n<div class=\"clearfix visible-xs padding-top-bottom-xs\"><\/div>\r\n<div class=\"col-sm-4 mcenter\" align=\"left\"><img decoding=\"async\" src=\"\/wp-content\/uploads\/2024\/05\/transcription-content-service-icon1.png\" width=\"auto\" height=\"90\" class=\"p-lg\">\r\n<h3>Transcription<\/h3>\r\n<p>Nous offrons des transcriptions rapides et pr\u00e9cises d\u2019audio, vid\u00e9os, textes bruts et sous-titres dans 36 langues. \u00c0 cela s\u2019ajoutent une productivit\u00e9 rapide, des audios multilingues, des marqueurs temporels et divers types de fichiers.<\/p>\r\n<p class=\"p1\"><a class=\"a-btn\" href=\"\/fr\/contact-sales-new\/?from=services_transcription\">\r\n<button class=\"btn btn-sm btn-primary\" type=\"button\">\r\nCommandez en ligne\r\n<\/button>\r\n<\/a><\/p>\r\n<\/div>\r\n<div class=\"clearfix visible-xs padding-top-bottom-xs\"><\/div>\r\n<div class=\"col-sm-4 mcenter\" align=\"left\"><img decoding=\"async\" src=\"\/wp-content\/uploads\/2024\/05\/proofreading-content-service-icon2.png\" width=\"auto\" height=\"90\" class=\"p-lg\">\r\n<h3>Relecture<\/h3>\r\n<p>Qu\u2019il s\u2019agisse d\u2019une simple erreur d\u2019orthographe ou d\u2019une erreur grammaticale plus complexe, nos correcteurs qualifi\u00e9s v\u00e9rifient vos textes pour s\u2019assurer qu\u2019ils sont parfaits. Nous corrigeons les erreurs de syntaxe, ponctuation, grammaire, coh\u00e9rence, format, structure et style.<\/p>\r\n<p class=\"p1\"><a class=\"a-btn\" href=\"\/fr\/contact-sales-new\/?from=services_proofreading\">\r\n<button class=\"btn btn-sm btn-primary\" type=\"button\">\r\nCommandez en ligne\r\n<\/button>\r\n<\/a><\/p>\r\n<\/div>\r\n<div class=\"clearfix padding-top-bottom-xs\" style=\"clear:both;\"><\/div>\r\n<div class=\"col-sm-4 mcenter\" align=\"left\"><img decoding=\"async\" src=\"\/wp-content\/uploads\/2024\/05\/content-summarization-content-service-icon3.png\" width=\"auto\" height=\"90\" class=\"p-lg\">\r\n<h3>R\u00e9sum\u00e9 de contenu<\/h3>\r\n<p>Notre \u00e9quipe transforme des textes compliqu\u00e9s (fournis par le client sous forme d\u2019URL ou de document) en r\u00e9sum\u00e9s. Cette \u00e9conomie d\u2019informations permet de gagner du temps et de clarifier le message quand il est partag\u00e9 avec d\u2019autres personnes.<\/p>\r\n<p class=\"p1\"><a class=\"a-btn\" href=\"\/fr\/contact-sales-new\/?from=services_content_summarization\">\r\n<button class=\"btn btn-sm btn-primary\" type=\"button\">\r\nCommandez en ligne\r\n<\/button>\r\n<\/a><\/p>\r\n<\/div>\r\n<div class=\"clearfix visible-xs padding-top-bottom-xs\"><\/div>\r\n<div class=\"col-sm-4 mcenter\" align=\"left\"><img decoding=\"async\" src=\"\/wp-content\/uploads\/2024\/05\/content-categorization-content-service-icon4.png\" width=\"auto\" height=\"90\" class=\"p-lg\">\r\n<h3>Classification de contenu<\/h3>\r\n<p>Nous classifions votre contenu dans les cat\u00e9gories appropri\u00e9es en utilisant notamment des mots-cl\u00e9s pertinents. Qu\u2019il s\u2019agisse images, descriptions de produits ou sites web, vous pouvez \u00eatre s\u00fbr que votre contenu sera classifi\u00e9 rapidement et avec pr\u00e9cision.<\/p>\r\n<p class=\"p1\"><a class=\"a-btn\" href=\"\/fr\/contact-sales-new\/?from=services_content_categorization\">\r\n<button class=\"btn btn-sm btn-primary\" type=\"button\">\r\nCommandez en ligne\r\n<\/button>\r\n<\/a><\/p>\r\n<\/div>\r\n<div class=\"clearfix visible-xs padding-top-bottom-xs\"><\/div>\r\n<div class=\"col-sm-4 mcenter\" align=\"left\"><img decoding=\"async\" src=\"\/wp-content\/uploads\/2024\/05\/copywriting-content-service-icon5.png\" width=\"auto\" height=\"90\" class=\"p-lg\">\r\n<h3>R\u00e9daction publicitaire<\/h3>\r\n<p>Nos professionnels peuvent r\u00e9diger pratiquement tous les types de contenu, notamment les publications de blog, les contenus de site web, les communiqu\u00e9s de presse, les e-mails, les contenus de m\u00e9dias sociaux, les livres blancs et les slogans pour vous aider \u00e0 transformer les visiteurs de votre page en prospects et, ensuite, en clients.\r\n<\/p>\r\n<p class=\"p1\"><a class=\"a-btn\" href=\"\/fr\/contact-sales-new\/?from=services_copywriting\">\r\n<button class=\"btn btn-sm btn-primary\" type=\"button\">\r\nCommandez en ligne\r\n<\/button>\r\n<\/a><\/p>\r\n<\/div>\r\n<div class=\"clearfix padding-top-bottom-xs\" style=\"clear:both;\"><\/div>\r\n<div class=\"col-sm-4 mcenter\" align=\"left\"><img decoding=\"async\" src=\"\/wp-content\/uploads\/2024\/05\/content-generation-content-service-icon6.png\" width=\"auto\" height=\"90\" class=\"p-lg\">\r\n<h3>G\u00e9n\u00e9ration de contenu<\/h3>\r\n<p>Nous proposons \u00e9galement d\u2019autres services de cr\u00e9ation de contenus pour des besoins plus sp\u00e9cifiques, comme la cr\u00e9ation de diff\u00e9rentes versions d\u2019une phrase particuli\u00e8re, des mod\u00e8les de questions, r\u00e9ponses et conversations pour les \u201cchatbots\u201d, ainsi que la mise en place d\u2019une liste noire de termes inappropri\u00e9s pour votre public.<\/p>\r\n<p class=\"p1\"><a class=\"a-btn\" href=\"\/fr\/contact-sales-new\/?from=services_content_generation\">\r\n<button class=\"btn btn-sm btn-primary\" type=\"button\">\r\nCommandez en ligne\r\n<\/button>\r\n<\/a><\/p>\r\n<\/div>\r\n<div class=\"clearfix visible-xs padding-top-bottom-xs\"><\/div>\r\n<div class=\"col-sm-4 mcenter\" align=\"left\"><img decoding=\"async\" src=\"\/wp-content\/uploads\/2024\/05\/qiality-assessment-content-service-icon7.png\" width=\"auto\" height=\"90\" class=\"p-lg\">\r\n<h3>\u00c9valuation de la qualit\u00e9<\/h3>\r\n<p>Nos professionnels natifs \u00e9valueront vos fichiers textes ou audio pour d\u00e9terminer s\u2019ils r\u00e9pondent aux crit\u00e8res et normes de qualit\u00e9 convenus. Ils v\u00e9rifieront notamment que les discours audio g\u00e9n\u00e9r\u00e9s par une machine ont une intonation naturelle, ou s\u00e9lectionneront les commentaires les plus pertinents dans un texte.<\/p>\r\n<p class=\"p1\"><a class=\"a-btn\" href=\"\/fr\/contact-sales-new\/?from=services_quality_assessment\">\r\n<button class=\"btn btn-sm btn-primary\" type=\"button\">\r\nCommandez en ligne\r\n<\/button>\r\n<\/a><\/p>\r\n<\/div>\r\n<div class=\"clearfix visible-xs padding-top-bottom-xs\"><\/div>\r\n<div class=\"col-sm-4 mcenter\" align=\"left\"><img decoding=\"async\" src=\"\/wp-content\/uploads\/2024\/05\/machine-translation-content-service-icon8.png\" width=\"auto\" height=\"90\" class=\"p-lg\">\r\n<h3>\u00c9valuation des traductions faites par une machine<\/h3>\r\n<p>Nous pouvons \u00e9valuer la qualit\u00e9 de segments traduits par une machine ou les corriger pour rendre leur traduction naturelle et sans erreur. Nous v\u00e9rifions \u00e9galement que les instructions ou glossaires ont \u00e9t\u00e9 respect\u00e9s, et que le ton et le style ont \u00e9t\u00e9 bien utilis\u00e9s. Nous sommes en mesure de choisir la meilleure version d\u2019une traduction.<\/p>\r\n<p class=\"p1\"><a class=\"a-btn\" href=\"\/fr\/contact-sales-new\/?from=services_machine_translation\">\r\n<button class=\"btn btn-sm btn-primary\" type=\"button\">\r\nCommandez en ligne\r\n<\/button>\r\n<\/a><\/p>\r\n<\/div>\r\n<div class=\"clearfix padding-top-bottom-xs\" style=\"clear:both;\"><\/div>\r\n<div class=\"col-sm-4 mcenter\" align=\"left\"><img decoding=\"async\" src=\"\/wp-content\/uploads\/2024\/05\/sentiment-content-service-icon9.png\" width=\"auto\" height=\"90\" class=\"p-lg\">\r\n<h3>Analyse des sentiments<\/h3>\r\n<p>Nous pouvons d\u00e9terminer si un contenu est positif, n\u00e9gatif ou neutre en extrayant des mots ou locutions particuliers. Souvent utilis\u00e9e pour identifier les sentiments \u00e9prouv\u00e9s \u00e0 l\u2019\u00e9gard d\u2019un sujet particulier, cette analyse peut \u00eatre r\u00e9alis\u00e9e sur les m\u00e9dias sociaux, le service client, les retours et critiques des utilisateurs, ainsi que les chatbots.<\/p>\r\n<p class=\"p1\"><a class=\"a-btn\" href=\"\/fr\/contact-sales-new\/?from=services_sentiment_analysis\">\r\n<button class=\"btn btn-sm btn-primary\" type=\"button\">\r\nCommandez en ligne\r\n<\/button>\r\n<\/a><\/p>\r\n<\/div>\r\n<\/div>\r\n<\/div>\r\n<\/div>\r\n<\/section><!--cr-section-->\r\n<section class=\"section-dark-gray section-center\"><div class=\"container\"><div class=\"row\"><div class=\"col-sm-12\"><h2 class=\"negative\">Vous ne trouvez pas le service dont vous avez besoin ?<\/h2><p class=\"negative\">Contactez-nous pour savoir comment Gengo peut vous aider.<\/p><a class=\"a-btn\" href=\"\/fr\/contact-sales-new\/?from=bottom\"><button type=\"button\" class=\"btn btn-large btn-fixed-width btn-primary\">Contactez-nous<\/button><\/a><\/div><\/div><\/div>\r\n<\/section>","protected":false},"excerpt":{"rendered":"Nos services De la traduction et transcription \u00e0 la synth\u00e8se, cat\u00e9gorisation et r\u00e9daction publicitaire, notre plateforme multiservices peut vous aider \u00e0 satisfaire tous vos besoins. Traduction Avec plus de 21 000 traducteurs certifi\u00e9s, nous fournissons des traductions professionnelles rapides, abordables et sur mesure dans plus de 70 langues. Nous pouvons traiter de grandes quantit\u00e9s de [&hellip;]","protected":false},"author":2,"featured_media":0,"parent":0,"menu_order":0,"comment_status":"closed","ping_status":"closed","template":"page-templates\/custom-header.php","meta":{"_acf_changed":false,"footnotes":""},"class_list":["post-20150","page","type-page","status-publish","hentry"],"acf":[],"yoast_head":"<!-- This site is optimized with the Yoast SEO plugin v27.3 - https:\/\/yoast.com\/product\/yoast-seo-wordpress\/ -->\n<title>Services - Gengo<\/title>\n<meta name=\"robots\" content=\"index, follow, max-snippet:-1, max-image-preview:large, max-video-preview:-1\" \/>\n<link rel=\"canonical\" href=\"https:\/\/gengo.com\/fr\/services\/\" \/>\n<meta property=\"og:locale\" content=\"fr_FR\" \/>\n<meta property=\"og:type\" content=\"article\" \/>\n<meta property=\"og:title\" content=\"Services - Gengo\" \/>\n<meta property=\"og:description\" content=\"Nos services De la traduction et transcription \u00e0 la synth\u00e8se, cat\u00e9gorisation et r\u00e9daction publicitaire, notre plateforme multiservices peut vous aider \u00e0 satisfaire tous vos besoins. Traduction Avec plus de 21 000 traducteurs certifi\u00e9s, nous fournissons des traductions professionnelles rapides, abordables et sur mesure dans plus de 70 langues. Nous pouvons traiter de grandes quantit\u00e9s de [&hellip;]\" \/>\n<meta property=\"og:url\" content=\"https:\/\/gengo.com\/fr\/services\/\" \/>\n<meta property=\"og:site_name\" content=\"Gengo\" \/>\n<meta property=\"article:publisher\" content=\"https:\/\/www.facebook.com\/mygengo\" \/>\n<meta property=\"article:modified_time\" content=\"2024-08-14T10:08:24+00:00\" \/>\n<meta name=\"twitter:card\" content=\"summary_large_image\" \/>\n<meta name=\"twitter:site\" content=\"@gengoit\" \/>\n<meta name=\"twitter:label1\" content=\"Dur\u00e9e de lecture estim\u00e9e\" \/>\n\t<meta name=\"twitter:data1\" content=\"5 minutes\" \/>\n<script type=\"application\/ld+json\" class=\"yoast-schema-graph\">{\"@context\":\"https:\\\/\\\/schema.org\",\"@graph\":[{\"@type\":\"WebPage\",\"@id\":\"https:\\\/\\\/gengo.com\\\/fr\\\/services\\\/\",\"url\":\"https:\\\/\\\/gengo.com\\\/fr\\\/services\\\/\",\"name\":\"Services - Gengo\",\"isPartOf\":{\"@id\":\"https:\\\/\\\/gengo.com\\\/fr\\\/#website\"},\"datePublished\":\"2017-12-07T02:44:15+00:00\",\"dateModified\":\"2024-08-14T10:08:24+00:00\",\"breadcrumb\":{\"@id\":\"https:\\\/\\\/gengo.com\\\/fr\\\/services\\\/#breadcrumb\"},\"inLanguage\":\"fr-FR\",\"potentialAction\":[{\"@type\":\"ReadAction\",\"target\":[\"https:\\\/\\\/gengo.com\\\/fr\\\/services\\\/\"]}]},{\"@type\":\"BreadcrumbList\",\"@id\":\"https:\\\/\\\/gengo.com\\\/fr\\\/services\\\/#breadcrumb\",\"itemListElement\":[{\"@type\":\"ListItem\",\"position\":1,\"name\":\"Home\",\"item\":\"https:\\\/\\\/gengo.com\\\/fr\\\/\"},{\"@type\":\"ListItem\",\"position\":2,\"name\":\"Services\"}]},{\"@type\":\"WebSite\",\"@id\":\"https:\\\/\\\/gengo.com\\\/fr\\\/#website\",\"url\":\"https:\\\/\\\/gengo.com\\\/fr\\\/\",\"name\":\"Gengo\",\"description\":\"Translation Service\",\"publisher\":{\"@id\":\"https:\\\/\\\/gengo.com\\\/fr\\\/#organization\"},\"potentialAction\":[{\"@type\":\"SearchAction\",\"target\":{\"@type\":\"EntryPoint\",\"urlTemplate\":\"https:\\\/\\\/gengo.com\\\/fr\\\/?s={search_term_string}\"},\"query-input\":{\"@type\":\"PropertyValueSpecification\",\"valueRequired\":true,\"valueName\":\"search_term_string\"}}],\"inLanguage\":\"fr-FR\"},{\"@type\":\"Organization\",\"@id\":\"https:\\\/\\\/gengo.com\\\/fr\\\/#organization\",\"name\":\"Gengo\",\"url\":\"https:\\\/\\\/gengo.com\\\/fr\\\/\",\"logo\":{\"@type\":\"ImageObject\",\"inLanguage\":\"fr-FR\",\"@id\":\"https:\\\/\\\/gengo.com\\\/fr\\\/#\\\/schema\\\/logo\\\/image\\\/\",\"url\":\"https:\\\/\\\/gengo.com\\\/wp-content\\\/uploads\\\/2019\\\/06\\\/gengo_favicon.png\",\"contentUrl\":\"https:\\\/\\\/gengo.com\\\/wp-content\\\/uploads\\\/2019\\\/06\\\/gengo_favicon.png\",\"width\":260,\"height\":260,\"caption\":\"Gengo\"},\"image\":{\"@id\":\"https:\\\/\\\/gengo.com\\\/fr\\\/#\\\/schema\\\/logo\\\/image\\\/\"},\"sameAs\":[\"https:\\\/\\\/www.facebook.com\\\/mygengo\",\"https:\\\/\\\/x.com\\\/gengoit\",\"https:\\\/\\\/www.instagram.com\\\/gengoit\\\/\",\"https:\\\/\\\/www.linkedin.com\\\/company\\\/gengo\\\/\",\"https:\\\/\\\/www.youtube.com\\\/user\\\/gengo\"]}]}<\/script>\n<!-- \/ Yoast SEO plugin. -->","yoast_head_json":{"title":"Services - Gengo","robots":{"index":"index","follow":"follow","max-snippet":"max-snippet:-1","max-image-preview":"max-image-preview:large","max-video-preview":"max-video-preview:-1"},"canonical":"https:\/\/gengo.com\/fr\/services\/","og_locale":"fr_FR","og_type":"article","og_title":"Services - Gengo","og_description":"Nos services De la traduction et transcription \u00e0 la synth\u00e8se, cat\u00e9gorisation et r\u00e9daction publicitaire, notre plateforme multiservices peut vous aider \u00e0 satisfaire tous vos besoins. Traduction Avec plus de 21 000 traducteurs certifi\u00e9s, nous fournissons des traductions professionnelles rapides, abordables et sur mesure dans plus de 70 langues. Nous pouvons traiter de grandes quantit\u00e9s de [&hellip;]","og_url":"https:\/\/gengo.com\/fr\/services\/","og_site_name":"Gengo","article_publisher":"https:\/\/www.facebook.com\/mygengo","article_modified_time":"2024-08-14T10:08:24+00:00","twitter_card":"summary_large_image","twitter_site":"@gengoit","twitter_misc":{"Dur\u00e9e de lecture estim\u00e9e":"5 minutes"},"schema":{"@context":"https:\/\/schema.org","@graph":[{"@type":"WebPage","@id":"https:\/\/gengo.com\/fr\/services\/","url":"https:\/\/gengo.com\/fr\/services\/","name":"Services - Gengo","isPartOf":{"@id":"https:\/\/gengo.com\/fr\/#website"},"datePublished":"2017-12-07T02:44:15+00:00","dateModified":"2024-08-14T10:08:24+00:00","breadcrumb":{"@id":"https:\/\/gengo.com\/fr\/services\/#breadcrumb"},"inLanguage":"fr-FR","potentialAction":[{"@type":"ReadAction","target":["https:\/\/gengo.com\/fr\/services\/"]}]},{"@type":"BreadcrumbList","@id":"https:\/\/gengo.com\/fr\/services\/#breadcrumb","itemListElement":[{"@type":"ListItem","position":1,"name":"Home","item":"https:\/\/gengo.com\/fr\/"},{"@type":"ListItem","position":2,"name":"Services"}]},{"@type":"WebSite","@id":"https:\/\/gengo.com\/fr\/#website","url":"https:\/\/gengo.com\/fr\/","name":"Gengo","description":"Translation Service","publisher":{"@id":"https:\/\/gengo.com\/fr\/#organization"},"potentialAction":[{"@type":"SearchAction","target":{"@type":"EntryPoint","urlTemplate":"https:\/\/gengo.com\/fr\/?s={search_term_string}"},"query-input":{"@type":"PropertyValueSpecification","valueRequired":true,"valueName":"search_term_string"}}],"inLanguage":"fr-FR"},{"@type":"Organization","@id":"https:\/\/gengo.com\/fr\/#organization","name":"Gengo","url":"https:\/\/gengo.com\/fr\/","logo":{"@type":"ImageObject","inLanguage":"fr-FR","@id":"https:\/\/gengo.com\/fr\/#\/schema\/logo\/image\/","url":"https:\/\/gengo.com\/wp-content\/uploads\/2019\/06\/gengo_favicon.png","contentUrl":"https:\/\/gengo.com\/wp-content\/uploads\/2019\/06\/gengo_favicon.png","width":260,"height":260,"caption":"Gengo"},"image":{"@id":"https:\/\/gengo.com\/fr\/#\/schema\/logo\/image\/"},"sameAs":["https:\/\/www.facebook.com\/mygengo","https:\/\/x.com\/gengoit","https:\/\/www.instagram.com\/gengoit\/","https:\/\/www.linkedin.com\/company\/gengo\/","https:\/\/www.youtube.com\/user\/gengo"]}]}},"_links":{"self":[{"href":"https:\/\/gengo.com\/fr\/wp-json\/wp\/v2\/pages\/20150","targetHints":{"allow":["GET"]}}],"collection":[{"href":"https:\/\/gengo.com\/fr\/wp-json\/wp\/v2\/pages"}],"about":[{"href":"https:\/\/gengo.com\/fr\/wp-json\/wp\/v2\/types\/page"}],"author":[{"embeddable":true,"href":"https:\/\/gengo.com\/fr\/wp-json\/wp\/v2\/users\/2"}],"replies":[{"embeddable":true,"href":"https:\/\/gengo.com\/fr\/wp-json\/wp\/v2\/comments?post=20150"}],"version-history":[{"count":0,"href":"https:\/\/gengo.com\/fr\/wp-json\/wp\/v2\/pages\/20150\/revisions"}],"wp:attachment":[{"href":"https:\/\/gengo.com\/fr\/wp-json\/wp\/v2\/media?parent=20150"}],"curies":[{"name":"wp","href":"https:\/\/api.w.org\/{rel}","templated":true}]}}