{"id":18508,"date":"2017-11-21T09:24:34","date_gmt":"2017-11-21T00:24:34","guid":{"rendered":"https:\/\/staging.gengo.com\/professionele-vertaling\/"},"modified":"2018-06-18T18:11:51","modified_gmt":"2018-06-18T09:11:51","slug":"professional-translation","status":"publish","type":"page","link":"https:\/\/gengo.com\/nl\/professional-translation\/","title":{"rendered":"Professionele Vertaling"},"content":{"rendered":"    <section>\r\n        <div class=\"container\">\r\n            <div class=\"row\">\r\n                <div class=\"col-sm-6\">\r\n                    <img decoding=\"async\" src=\"\/wp-content\/uploads\/2017\/03\/2017_09_05-pro-translation.png\" alt=\"\" width=\"100%\" class=\"alignnone size-full wp-image-18310 visible-xs\">\r\n                    <p>Gengo\u2019s professionele vertaaldienst biedt excellente kwaliteit en snelle resultaten tegen de scherpste tarieven in de branche. We hebben diepgaande ervaring met vertalen van een breed assortiment aan soorten inhoud, inclusief:<\/p>\r\n\r\n                    <table style=\"width:100%\">\r\n                        <tr>\r\n                            <td>\r\n                                <ul>\r\n                                    <li>E-commerce productbeschrijvingen<\/li>\r\n\r\n                                    <li>Reisoverzichten en -gidsen<\/li>\r\n\r\n                                    <li>User-generated content<\/li>\r\n\r\n                                    <li>Marketing copy, advertenties en social media<\/li>\r\n                                <\/ul>\r\n                            <\/td>\r\n\r\n                            <td>\r\n                                <ul>\r\n                                    <li>Online artikelen<\/li>\r\n\r\n                                    <li>Websites en apps<\/li>\r\n\r\n                                    <li>Klantenservice<\/li>\r\n\r\n                                    <li>E-mail, documenten en meer<\/li>\r\n                                <\/ul>\r\n                            <\/td>\r\n                        <\/tr>\r\n                    <\/table>\r\n                <\/div>\r\n                <div class=\"col-sm-6 hidden-xs\"><img decoding=\"async\" src=\"\/wp-content\/uploads\/2017\/03\/2017_09_05-pro-translation.png\" alt=\"\" width=\"100%\" class=\"alignnone size-full wp-image-18310\"><\/div>\r\n            <\/div>\r\n        <\/div>\r\n    <\/section>\r\n\r\n    <section>\r\n        <div class=\"container\">\r\n            <div class=\"row\">\r\n                <div class=\"col-sm-12\">\r\n                    <h2 class=\"center\">Waarom kiezen voor Gengo?<\/h2><br>\r\n                <\/div>\r\n                <div class=\"col-sm-4 center\">\r\n                    <h3>Excellente kwaliteit<\/h3>\r\n\r\n                    <p class=\"p1\"><span class=\"s1\">Gengo werkt met 21.000+ gekwalificeerde moedertaalsprekers wereldwijd. We zijn zeer selectief en laten slechts een klein percentage sollicitanten toe. Veel van onze vertalers hebben jarenlange professionele ervaring met vertalen naar hun moedertaal.<\/span><\/p>\r\n                <\/div>\r\n\r\n                <div class=\"clearfix visible-xs\" style=\"margin-bottom: 24px;\"><\/div>\r\n\r\n                <div class=\"col-sm-4 center\">\r\n                    <h3>Vriendelijke prijsstelling naar rato<\/h3>\r\n\r\n                    <p class=\"p1\"><span class=\"s1\">Geniet van simpele tarieven per woord, zonder minimum, voor meer dan 70 verschillende taalcombinaties. Bestel binnen twee serviceniveaus, afgestemd op uw behoeften, via ons online bestelformulier of vertaal-API.<\/span><\/p>\r\n                <\/div>\r\n\r\n                <div class=\"clearfix visible-xs\" style=\"margin-bottom: 24px;\"><\/div>\r\n\r\n                <div class=\"col-sm-4 center\">\r\n                    <h3>Snelle omzetting<\/h3>\r\n\r\n                    <p class=\"p1\"><span class=\"s1\">Door gebruik te maken van ons verfijnd crowd-managementplatform en de allereerste menselijke vertaal-API maakt Gengo het vertaalproces naadloos. We leveren miljoenen vertaalde woorden per week, eenvoudig en op schaal.<\/span><\/p>\r\n                <\/div>\r\n            <\/div>\r\n        <\/div>\r\n    <\/section>\r\n\r\n    <section>\r\n        <div class=\"container\">\r\n            <div class=\"row\">\r\n                <div class=\"col-sm-12\">\r\n                    <h2 class=\"center\">Vertrouwd door multinationals<\/h2>\r\n                <\/div>\r\n\r\n                <div class=\"col-sm-10 col-sm-offset-1\">\r\n                    <blockquote class=\"center\">\r\n                        Ik ben onder de indruk van de kwaliteit en snelheid van de vertalingen die Gengo levert.\r\n\r\n                        <footer>Jeff Chin, Productmanager bij Google<\/footer>\r\n                    <\/blockquote>\r\n                <\/div>\r\n\r\n                <div class=\"col-xs-6 col-xs-offset-3 col-sm-2 col-sm-offset-0\"><img decoding=\"async\" src=\"\/wp-content\/uploads\/2015\/05\/EN_buzzfeed.png\" alt=\"BuzzFeed\" style=\"max-width: 100%;\"><\/div>\r\n\r\n                <div class=\"col-xs-6 col-xs-offset-3 col-sm-2 col-sm-offset-0\"><img decoding=\"async\" src=\"\/wp-content\/uploads\/2015\/05\/EN_tripadvisor.png\" alt=\"TripAdvisor\" style=\"max-width: 100%;\"><\/div>\r\n\r\n                <div class=\"col-xs-6 col-xs-offset-3 col-sm-2 col-sm-offset-0\"><img decoding=\"async\" src=\"\/wp-content\/uploads\/2015\/05\/EN_huffingtonpost.png\" alt=\"The Huffington Post\" style=\"max-width: 100%;\"><\/div>\r\n\r\n                <div class=\"col-xs-6 col-xs-offset-3 col-sm-2 col-sm-offset-0\"><img decoding=\"async\" src=\"\/wp-content\/uploads\/2015\/05\/EN_eventbrite.png\" alt=\"Eventbrite\" style=\"max-width: 100%;\"><\/div>\r\n\r\n                <div class=\"col-xs-6 col-xs-offset-3 col-sm-2 col-sm-offset-0\"><img decoding=\"async\" src=\"\/wp-content\/uploads\/2015\/05\/EN_vestiaire.png\" alt=\"Vestiaire Collective\" style=\"max-width: 100%;\"><\/div>\r\n\r\n                <div class=\"col-xs-6 col-xs-offset-3 col-sm-2 col-sm-offset-0\"><img decoding=\"async\" src=\"\/wp-content\/uploads\/2015\/05\/EN_Etsy.png\" alt=\"Esty\" style=\"max-width: 100%;\"><\/div>\r\n                \r\n            <\/div>\r\n\r\n            <p style=\"text-align:center; clear:both; padding: 15px 0px 0px 0px\"><a href=\"\/?page_id=6392\">LEES CASUSSEN<\/a><\/p>\r\n            \r\n        <\/div>\r\n    <\/section>\r\n\r\n<section>\r\n    <div class=\"container\">\r\n        <div class=\"row\">\r\n            <div class=\"col-sm-12\">\r\n                <h3>Arabische Vertalingen<\/h3>\r\n                <p>Arabisch heeft niet alleen 350 miljoen sprekers wereldwijd, het vormt ook de 7e grootste groep van internetgebruikers. Als u wilt inspelen op deze enorme markt, is goede lokalisatie de sleutel.<\/p>\r\n\r\n                <h3>Bulgaarse Vertalingen<\/h3>\r\n                <p>Om er zeker van te zijn dat uw bedrijf slaagt op de Bulgaarse markt, zoek niet verder dan Gengo. Leer hoe u gemakkelijk 9 miljoen mensen wereldwijd kunt bereiken met vlekkeloze vertalingen in het Bulgaars.<\/p>\r\n\r\n                <h3>Chinese Vertalingen<\/h3>\r\n                <p>Terwijl de aanwezigheid van China op het wereldtoneel exponentieel blijft groeien, kan vertaling naar het Chinees de deur openen naar geweldige kansen die u nergens anders ter wereld kunt vinden. Gengo levert betaalbare professionele vertalingen, van en naar vereenvoudigd en traditioneel Chinees.<\/p>\r\n\r\n                <h3>Deense Vertalingen<\/h3>\r\n                <p>De Deense taal heeft invloed over heel Denemarken en zelfs Groenland en delen van Duitsland. Laat Gengo de teksten van uw bedrijf naar het Deens vertalen om uw bereik te vergroten.<\/p>\r\n\r\n                <h3>Nederlandse Vertalingen<\/h3>\r\n                <p>Met meer dan 28 miljoen sprekers wereldwijd is Nederlands verreweg een van de meest gekozen talen waar bedrijven hun teksten naar vertalen. Hier bij Gengo hebben wij miljoenen woorden van en naar het Nederlands vertaald, gemakkelijk en op grote schaal.<\/p>\r\n\r\n                <h3>Finse Vertalingen<\/h3>\r\n                <p>Fins wordt niet alleen in Finland gesproken, maar ook in Zweden, Rusland en de V.S. Het ligt voor de hand dat bedrijven naar deze taal lokaliseren. Ontdek de manieren waarop Gengo u kunt helpen dit te realiseren.<\/p>\r\n\r\n                <h3>Franse Vertalingen<\/h3>\r\n                <p>Als een van \u2019s werelds meest belangrijke diplomatieke en invloedrijke talen is Frans een populaire taal voor lokalisatie. De professionele vertalers van Gengo leveren Franse vertalingen in zowel Canadees Frans als Europees Frans.<\/p>\r\n\r\n                <h3>Duitse Vertalingen<\/h3>\r\n                <p>Als de meest gesproken taal in Europa is Duits een populaire taal om naar te vertalen. Snel, betaalbaar en betrouwbaar, Gengo heeft miljoenen woorden van en naar het Duits vertaald.<\/p>\r\n\r\n                <h3>Griekse Vertalingen<\/h3>\r\n                <p>De Griekse taal en cultuur heeft een grote invloed gehad op de wereld \u2500 het wordt niet alleen gesproken door de gehele bevolking van Griekenland, de Griekse taal heeft ook bijna 30% van de Engelse woorden gevormd.<\/p>\r\n\r\n                <h3>Hebreeuwse Vertalingen<\/h3>\r\n                <p>Door velen gezien als \u201cde Heilige taal\u201d en tevens de eeuwenoude taal van de Isra\u00eblieten en hun voorouders, Hebreeuws is onmiskenbaar een voor de hand liggende keuze voor bedrijven die willen lokaliseren voor de wereldmarkt.<\/p>\r\n\r\n                <h3>Hongaarse Vertalingen<\/h3>\r\n                <p>Gengo kan uw bedrijf helpen met het vertalen van uw teksten naar wat wordt gezien als een van de moeilijkste talen ter wereld \u2500 Hongaars.<\/p>\r\n\r\n                <h3>Indonesische Vertalingen<\/h3>\r\n                <p>Gezien het feit dat Indonesisch wordt gesproken door een van de grootste bevolkingsgroepen ter wereld, is het lokaliseren naar de Indonesische markt een simpele keuze. Laat Gengo u helpen met Indonesische vertalingen voor uw bedrijf.<\/p>\r\n\r\n                <h3>Italiaanse Vertalingen<\/h3>\r\n                <p>De Italiaanse taal en cultuur heeft een sterke wereldwijde invloed, zeker binnen de wereld van cultuur, politiek en economie. Snel, betaalbaar en betrouwbaar, Gengo heeft miljoenen woorden van en naar het Italiaanse vertaald.<\/p>\r\n\r\n                <h3>Japanse Vertalingen<\/h3>\r\n                <p>Japanssprekenden maken 10% van alle internetgebruikers uit, wat het de derde grootste online taal maakt. Daarom is lokaliseren naar het Japans essentieel voor grensoverschrijdend succes in Japan.<\/p>\r\n\r\n                <h3>Koreaanse Vertalingen<\/h3>\r\n                <p>Met de 12e grootste economie ter wereld en de vierde grootste in Azi\u00eb, presenteert Zuid-Korea zich als een hoofdmarkt voor bedrijven die ernaar kijken om uit te breiden in Azi\u00eb. Gengo biedt snelle en betaalbare Koreaanse vertalings- en lokalisatiediensten.<\/p>\r\n\r\n                <h3>Maleisische Vertalingen<\/h3>\r\n                <p>Maleisisch wordt niet alleen gezien als een belangrijke taal in Maleisi\u00eb, het heeft ook een groot bereik in de rest van Zuidoost-Azi\u00eb, inclusief Indonesi\u00eb, Singapore en Thailand.<\/p>\r\n\r\n                <h3>Noorse Vertalingen<\/h3>\r\n                <p>Koppel het feit dat Noors gezien wordt als een van de makkelijkste talen voor Engelssprekenden om te leren, met het gemak dat Gengo al biedt, en uw teksten vertalen naar het Noors zal zeker een vlekkeloze procedure zijn.<\/p>\r\n\r\n                <h3>Poolse Vertalingen<\/h3>\r\n                <p>Wist u dat vertalen naar het Pools u toegang geeft tot de zesde grootste economie van de EU? Lees meer over hoe Gengo professionele vertalingen biedt van en naar het Pools.<\/p>\r\n\r\n                <h3>Portugese Vertalingen<\/h3>\r\n                <p>Met hechte gemeenschappen verspreid over Amerika, Europa, Afrika en Azi\u00eb, loopt het aantal Portugeessprekenden op tot 250 miljoen. Gengo biedt schaalbare professionele vertalingen van en naar Europees en Braziliaans Portugees.<\/p>\r\n\r\n                <h3>Roemeense Vertalingen<\/h3>\r\n                <p>Aangezien de Roemeens sprekende bevolking is uitgegroeid tot bijna 25 miljoen mensen, kan het vertalen van uw teksten naar het Roemeens eindeloos veel kansen opleveren voor uw bedrijf. Gengo kan u helpen met het correct lokaliseren van uw behoeften.<\/p>\r\n\r\n                <h3>Russische Vertalingen<\/h3>\r\n                <p>Als de meest gesproken moedertaal van Europa, ligt het voor de hand dat het vertalen van uw teksten naar het Russisch essentieel is voor Europese marktgroei.<\/p>\r\n\r\n                <h3>Servische Vertalingen<\/h3>\r\n                <p>Servisch is de offici\u00eble taal van Servi\u00eb \u2500 en er is geen betere manier om de Servisch sprekende bevolking te bereiken dan ervoor te zorgen dat uw teksten correct zijn gelokaliseerd. Gengo biedt vertalingen van kwaliteit voor al uw Servische vertalingsbehoeften.<\/p>\r\n\r\n                <h3>Slowaakse Vertalingen<\/h3>\r\n                <p>Gengo\u2019s professionele vertalers kunnen u goed helpen met het bereiken van de markt in Slowakije, en zelfs Kroati\u00eb en Bulgarij\u00eb, door de teksten van uw bedrijf te vertalen van en naar het Slowaaks.<\/p>\r\n\r\n                <h3>Spaanse Vertalingen<\/h3>\r\n                <p>Met ruim 400 miljoen sprekers wereldwijd is Spaans topprioriteit voor lokalisatie van online teksten. Gengo\u2019s professionele vertalers leveren Spaanse vertalingen voor zowel Europees Spaans als Latijns-Amerikaans Spaans.<\/p>\r\n\r\n                <h3>Zweedse Vertalingen<\/h3>\r\n                <p>Vertalen naar het Zweeds houdt niet alleen in dat u toegang krijgt tot de Zweedse, maar ook tot een deel van de Deense en Noorse markt. Lees meer over hoe Gengo uw bedrijf kan helpen met het snel lokaliseren voor de Zweedse markt.<\/p>\r\n\r\n                <h3>Tagalog Vertalingen<\/h3>\r\n                <p>Als een van de offici\u00eble talen van de Filipijnen is Tagalog essentieel voor het vertalen van uw teksten om bijna een kwart van de Filipijnse bevolking van 100 miljoen te bereiken.<\/p>\r\n\r\n                <h3>Thaise Vertalingen<\/h3>\r\n                <p>Het effectief bereiken van de markt in Zuidoost-Azi\u00eb betekent het vertalen van uw teksten in een aantal talen, in het bijzonder Thais, wat de offici\u00eble taal van Thailand is en gesproken wordt door bijna 60 miljoen mensen ter wereld.<\/p>\r\n\r\n                <h3>Turkse Vertalingen<\/h3>\r\n                <p>Het vertalen van uw projecten naar het Turks betekent dat uw bedrijf de kans heeft om bijna 75 miljoen Turkssprekenden ter wereld te bereiken. Leer meer over hoe Gengo u kan helpen met al uw Turkse vertalingsbehoeften.<\/p>\r\n\r\n                <h3>Oekra\u00efense Vertalingen<\/h3>\r\n                <p>Als de tweede meest gesproken Slavische taal, kunnen Oekra\u00efense vertalingen u significant helpen in het vergroten van de marktgroei van uw bedrijf. Leer meer over hoe Gengo het antwoord is voor alle Oekra\u00efense vertalingsprojecten.<\/p>\r\n\r\n                <h3>Vietnamese Vertalingen<\/h3>\r\n                <p>Er zeker van zijn dat uw teksten vertaald zijn naar het Vietnamees is cruciaal in het bereiken van de markt in Vietnam. Gengo levert professionele, schaalbare vertalingen naar het Vietnamees.<\/p>\r\n\r\n            <\/div>\r\n        <\/div>\r\n    <\/div>\r\n<\/section>\r\n\r\n    <section class=\"section-dark-gray section-center full cta\">\r\n        <div class=\"container\">\r\n            <div class=\"row\">\r\n                <div class=\"col-sm-6\"><div id=\"cta-footer-balancer-1\">\r\n                    <h2 class=\"negative\">Klaar om te beginnen?<\/h2>\r\n\r\n                    <p class=\"negative\">Vertaal direct door gebruik te maken van ons bestelformulier.<\/p><\/div>\r\n                    <a class=\"a-btn\" href=\"https:\/\/nl.gengo.com\/order\/\"><button class=\"btn btn-large btn-fixed-width btn-primary\" type=\"button\">Bestel online<\/button><\/a>\r\n                <\/div>\r\n\r\n                <div class=\"clearfix visible-xs\"><\/div>\r\n\r\n                <div class=\"col-sm-6\"><div id=\"cta-footer-balancer-2\">\r\n                    <h2 class=\"negative\">Heeft u een groot project?<\/h2>\r\n\r\n                    <p class=\"negative\">Bespreek het met een van onze accountmanagers.<\/p><\/div>\r\n                    <br class=\"visible-lg\" \/>\r\n                    <a class=\"a-btn\" href=\"\/nl\/contact-sales-new\/\"><button class=\"btn btn-large btn-fixed-width btn-default\" type=\"button\">Contacteer verkoop<\/button><\/a>\r\n                <\/div>\r\n            <\/div>\r\n        <\/div>\r\n    <\/section>\r\n","protected":false},"excerpt":{"rendered":"Gengo\u2019s professionele vertaaldienst biedt excellente kwaliteit en snelle resultaten tegen de scherpste tarieven in de branche. We hebben diepgaande ervaring met vertalen van een breed assortiment aan soorten inhoud, inclusief: E-commerce productbeschrijvingen Reisoverzichten en -gidsen User-generated content Marketing copy, advertenties en social media Online artikelen Websites en apps Klantenservice E-mail, documenten en meer Waarom kiezen [&hellip;]","protected":false},"author":2,"featured_media":0,"parent":0,"menu_order":0,"comment_status":"closed","ping_status":"closed","template":"page-templates\/custom-header.php","meta":{"_acf_changed":false,"footnotes":""},"class_list":["post-18508","page","type-page","status-publish","hentry"],"acf":[],"yoast_head":"<!-- This site is optimized with the Yoast SEO plugin v27.3 - https:\/\/yoast.com\/product\/yoast-seo-wordpress\/ -->\n<title>Professionele Vertaling - Gengo<\/title>\n<meta name=\"description\" content=\"Professionele vertalingen tegen heldere en betaalbare prijzen - gedaan door mensen (native speakers) met Gengo&#039;s crowd-based vertaaldiensten. Lees verder.\" \/>\n<meta name=\"robots\" content=\"index, follow, max-snippet:-1, max-image-preview:large, max-video-preview:-1\" \/>\n<link rel=\"canonical\" href=\"https:\/\/gengo.com\/nl\/professional-translation\/\" \/>\n<meta property=\"og:locale\" content=\"nl_NL\" \/>\n<meta property=\"og:type\" content=\"article\" \/>\n<meta property=\"og:title\" content=\"Professionele Vertaling - Gengo\" \/>\n<meta property=\"og:description\" content=\"Professionele vertalingen tegen heldere en betaalbare prijzen - gedaan door mensen (native speakers) met Gengo&#039;s crowd-based vertaaldiensten. Lees verder.\" \/>\n<meta property=\"og:url\" content=\"https:\/\/gengo.com\/nl\/professional-translation\/\" \/>\n<meta property=\"og:site_name\" content=\"Gengo\" \/>\n<meta property=\"article:publisher\" content=\"https:\/\/www.facebook.com\/mygengo\" \/>\n<meta property=\"article:modified_time\" content=\"2018-06-18T09:11:51+00:00\" \/>\n<meta name=\"twitter:card\" content=\"summary_large_image\" \/>\n<meta name=\"twitter:site\" content=\"@gengoit\" \/>\n<meta name=\"twitter:label1\" content=\"Geschatte leestijd\" \/>\n\t<meta name=\"twitter:data1\" content=\"6 minuten\" \/>\n<script type=\"application\/ld+json\" class=\"yoast-schema-graph\">{\"@context\":\"https:\\\/\\\/schema.org\",\"@graph\":[{\"@type\":\"WebPage\",\"@id\":\"https:\\\/\\\/gengo.com\\\/nl\\\/professional-translation\\\/\",\"url\":\"https:\\\/\\\/gengo.com\\\/nl\\\/professional-translation\\\/\",\"name\":\"Professionele Vertaling - Gengo\",\"isPartOf\":{\"@id\":\"https:\\\/\\\/gengo.com\\\/nl\\\/#website\"},\"datePublished\":\"2017-11-21T00:24:34+00:00\",\"dateModified\":\"2018-06-18T09:11:51+00:00\",\"description\":\"Professionele vertalingen tegen heldere en betaalbare prijzen - gedaan door mensen (native speakers) met Gengo's crowd-based vertaaldiensten. Lees verder.\",\"breadcrumb\":{\"@id\":\"https:\\\/\\\/gengo.com\\\/nl\\\/professional-translation\\\/#breadcrumb\"},\"inLanguage\":\"nl-NL\",\"potentialAction\":[{\"@type\":\"ReadAction\",\"target\":[\"https:\\\/\\\/gengo.com\\\/nl\\\/professional-translation\\\/\"]}]},{\"@type\":\"BreadcrumbList\",\"@id\":\"https:\\\/\\\/gengo.com\\\/nl\\\/professional-translation\\\/#breadcrumb\",\"itemListElement\":[{\"@type\":\"ListItem\",\"position\":1,\"name\":\"Home\",\"item\":\"https:\\\/\\\/gengo.com\\\/nl\\\/\"},{\"@type\":\"ListItem\",\"position\":2,\"name\":\"Professionele Vertaling\"}]},{\"@type\":\"WebSite\",\"@id\":\"https:\\\/\\\/gengo.com\\\/nl\\\/#website\",\"url\":\"https:\\\/\\\/gengo.com\\\/nl\\\/\",\"name\":\"Gengo\",\"description\":\"Translation Service\",\"publisher\":{\"@id\":\"https:\\\/\\\/gengo.com\\\/nl\\\/#organization\"},\"potentialAction\":[{\"@type\":\"SearchAction\",\"target\":{\"@type\":\"EntryPoint\",\"urlTemplate\":\"https:\\\/\\\/gengo.com\\\/nl\\\/?s={search_term_string}\"},\"query-input\":{\"@type\":\"PropertyValueSpecification\",\"valueRequired\":true,\"valueName\":\"search_term_string\"}}],\"inLanguage\":\"nl-NL\"},{\"@type\":\"Organization\",\"@id\":\"https:\\\/\\\/gengo.com\\\/nl\\\/#organization\",\"name\":\"Gengo\",\"url\":\"https:\\\/\\\/gengo.com\\\/nl\\\/\",\"logo\":{\"@type\":\"ImageObject\",\"inLanguage\":\"nl-NL\",\"@id\":\"https:\\\/\\\/gengo.com\\\/nl\\\/#\\\/schema\\\/logo\\\/image\\\/\",\"url\":\"https:\\\/\\\/gengo.com\\\/wp-content\\\/uploads\\\/2019\\\/06\\\/gengo_favicon.png\",\"contentUrl\":\"https:\\\/\\\/gengo.com\\\/wp-content\\\/uploads\\\/2019\\\/06\\\/gengo_favicon.png\",\"width\":260,\"height\":260,\"caption\":\"Gengo\"},\"image\":{\"@id\":\"https:\\\/\\\/gengo.com\\\/nl\\\/#\\\/schema\\\/logo\\\/image\\\/\"},\"sameAs\":[\"https:\\\/\\\/www.facebook.com\\\/mygengo\",\"https:\\\/\\\/x.com\\\/gengoit\",\"https:\\\/\\\/www.instagram.com\\\/gengoit\\\/\",\"https:\\\/\\\/www.linkedin.com\\\/company\\\/gengo\\\/\",\"https:\\\/\\\/www.youtube.com\\\/user\\\/gengo\"]}]}<\/script>\n<!-- \/ Yoast SEO plugin. -->","yoast_head_json":{"title":"Professionele Vertaling - Gengo","description":"Professionele vertalingen tegen heldere en betaalbare prijzen - gedaan door mensen (native speakers) met Gengo's crowd-based vertaaldiensten. Lees verder.","robots":{"index":"index","follow":"follow","max-snippet":"max-snippet:-1","max-image-preview":"max-image-preview:large","max-video-preview":"max-video-preview:-1"},"canonical":"https:\/\/gengo.com\/nl\/professional-translation\/","og_locale":"nl_NL","og_type":"article","og_title":"Professionele Vertaling - Gengo","og_description":"Professionele vertalingen tegen heldere en betaalbare prijzen - gedaan door mensen (native speakers) met Gengo's crowd-based vertaaldiensten. Lees verder.","og_url":"https:\/\/gengo.com\/nl\/professional-translation\/","og_site_name":"Gengo","article_publisher":"https:\/\/www.facebook.com\/mygengo","article_modified_time":"2018-06-18T09:11:51+00:00","twitter_card":"summary_large_image","twitter_site":"@gengoit","twitter_misc":{"Geschatte leestijd":"6 minuten"},"schema":{"@context":"https:\/\/schema.org","@graph":[{"@type":"WebPage","@id":"https:\/\/gengo.com\/nl\/professional-translation\/","url":"https:\/\/gengo.com\/nl\/professional-translation\/","name":"Professionele Vertaling - Gengo","isPartOf":{"@id":"https:\/\/gengo.com\/nl\/#website"},"datePublished":"2017-11-21T00:24:34+00:00","dateModified":"2018-06-18T09:11:51+00:00","description":"Professionele vertalingen tegen heldere en betaalbare prijzen - gedaan door mensen (native speakers) met Gengo's crowd-based vertaaldiensten. Lees verder.","breadcrumb":{"@id":"https:\/\/gengo.com\/nl\/professional-translation\/#breadcrumb"},"inLanguage":"nl-NL","potentialAction":[{"@type":"ReadAction","target":["https:\/\/gengo.com\/nl\/professional-translation\/"]}]},{"@type":"BreadcrumbList","@id":"https:\/\/gengo.com\/nl\/professional-translation\/#breadcrumb","itemListElement":[{"@type":"ListItem","position":1,"name":"Home","item":"https:\/\/gengo.com\/nl\/"},{"@type":"ListItem","position":2,"name":"Professionele Vertaling"}]},{"@type":"WebSite","@id":"https:\/\/gengo.com\/nl\/#website","url":"https:\/\/gengo.com\/nl\/","name":"Gengo","description":"Translation Service","publisher":{"@id":"https:\/\/gengo.com\/nl\/#organization"},"potentialAction":[{"@type":"SearchAction","target":{"@type":"EntryPoint","urlTemplate":"https:\/\/gengo.com\/nl\/?s={search_term_string}"},"query-input":{"@type":"PropertyValueSpecification","valueRequired":true,"valueName":"search_term_string"}}],"inLanguage":"nl-NL"},{"@type":"Organization","@id":"https:\/\/gengo.com\/nl\/#organization","name":"Gengo","url":"https:\/\/gengo.com\/nl\/","logo":{"@type":"ImageObject","inLanguage":"nl-NL","@id":"https:\/\/gengo.com\/nl\/#\/schema\/logo\/image\/","url":"https:\/\/gengo.com\/wp-content\/uploads\/2019\/06\/gengo_favicon.png","contentUrl":"https:\/\/gengo.com\/wp-content\/uploads\/2019\/06\/gengo_favicon.png","width":260,"height":260,"caption":"Gengo"},"image":{"@id":"https:\/\/gengo.com\/nl\/#\/schema\/logo\/image\/"},"sameAs":["https:\/\/www.facebook.com\/mygengo","https:\/\/x.com\/gengoit","https:\/\/www.instagram.com\/gengoit\/","https:\/\/www.linkedin.com\/company\/gengo\/","https:\/\/www.youtube.com\/user\/gengo"]}]}},"_links":{"self":[{"href":"https:\/\/gengo.com\/nl\/wp-json\/wp\/v2\/pages\/18508","targetHints":{"allow":["GET"]}}],"collection":[{"href":"https:\/\/gengo.com\/nl\/wp-json\/wp\/v2\/pages"}],"about":[{"href":"https:\/\/gengo.com\/nl\/wp-json\/wp\/v2\/types\/page"}],"author":[{"embeddable":true,"href":"https:\/\/gengo.com\/nl\/wp-json\/wp\/v2\/users\/2"}],"replies":[{"embeddable":true,"href":"https:\/\/gengo.com\/nl\/wp-json\/wp\/v2\/comments?post=18508"}],"version-history":[{"count":0,"href":"https:\/\/gengo.com\/nl\/wp-json\/wp\/v2\/pages\/18508\/revisions"}],"wp:attachment":[{"href":"https:\/\/gengo.com\/nl\/wp-json\/wp\/v2\/media?parent=18508"}],"curies":[{"name":"wp","href":"https:\/\/api.w.org\/{rel}","templated":true}]}}